{"id":7280,"date":"2020-10-02T09:19:03","date_gmt":"2020-10-02T09:19:03","guid":{"rendered":"https:\/\/integraloc.greenshift.eu\/produit\/chaise-alki-marron\/"},"modified":"2026-04-30T14:02:04","modified_gmt":"2026-04-30T14:02:04","slug":"alki-brown-chair","status":"publish","type":"product","link":"https:\/\/www.integral-location.ma\/en\/product\/alki-brown-chair\/","title":{"rendered":"&#8220;ALKI&#8221; Taupe chair"},"content":{"rendered":"<p>Lorem ipsum dolor sit amet, consectetur adipiscing elit. Maecenas varius tortor nibh, sit amet tempor nibh finibus et. Aenean eu enim justo. Vestibulum aliquam hendrerit molestie. Mauris malesuada nisi sit amet augue accumsan tincidunt. Maecenas. velit ac porttitor pulvinar, tortor eros facilisis libero, vitae commodo nunc quam et ligula. Ut nec ipsum sapien. Interdum et malesuada fames ac ante ipsum primis in.<\/p>\n","protected":false},"excerpt":{"rendered":"<p>Dimensions (cm) : W46*H82*D50                <\/p>\n","protected":false},"featured_media":7281,"template":"","meta":{"_acf_changed":false},"product_cat":[239,240,237,238],"product_tag":[],"class_list":["post-7280","product","type-product","status-publish","has-post-thumbnail","hentry","product_cat-chairs","product_cat-conference-de-presse-en","product_cat-furniture","product_cat-seats"],"acf":[],"yoast_head":"<!-- This site is optimized with the Yoast SEO plugin v24.7 - https:\/\/yoast.com\/wordpress\/plugins\/seo\/ -->\n<title>&quot;ALKI&quot; Taupe chair - Integral Solution<\/title>\n<meta name=\"robots\" content=\"index, follow, max-snippet:-1, max-image-preview:large, max-video-preview:-1\" \/>\n<link rel=\"canonical\" href=\"https:\/\/www.integral-location.ma\/product\/chaise-alki-marron\/\" \/>\n<meta property=\"og:locale\" content=\"en_US\" \/>\n<meta property=\"og:type\" content=\"article\" \/>\n<meta property=\"og:title\" content=\"&quot;ALKI&quot; Taupe chair - Integral Solution\" \/>\n<meta property=\"og:description\" content=\"Dimensions (cm) : W46*H82*D50\" \/>\n<meta property=\"og:url\" content=\"https:\/\/www.integral-location.ma\/product\/chaise-alki-marron\/\" \/>\n<meta property=\"og:site_name\" content=\"Integral Solution\" \/>\n<meta property=\"article:publisher\" content=\"https:\/\/www.facebook.com\/integrallocation\/\" \/>\n<meta property=\"article:modified_time\" content=\"2026-04-30T14:02:04+00:00\" \/>\n<meta property=\"og:image\" content=\"https:\/\/www.integral-location.ma\/app\/uploads\/2020\/09\/ch027mr-chaise-alki-marron-8-1.jpg\" \/>\n\t<meta property=\"og:image:width\" content=\"525\" \/>\n\t<meta property=\"og:image:height\" content=\"525\" \/>\n\t<meta property=\"og:image:type\" content=\"image\/jpeg\" \/>\n<meta name=\"twitter:card\" content=\"summary_large_image\" \/>\n<script type=\"application\/ld+json\" class=\"yoast-schema-graph\">{\"@context\":\"https:\/\/schema.org\",\"@graph\":[{\"@type\":\"WebPage\",\"@id\":\"https:\/\/www.integral-location.ma\/product\/chaise-alki-marron\/\",\"url\":\"https:\/\/www.integral-location.ma\/product\/chaise-alki-marron\/\",\"name\":\"\\\"ALKI\\\" Taupe chair - Integral Solution\",\"isPartOf\":{\"@id\":\"https:\/\/www.integral-location.ma\/#website\"},\"primaryImageOfPage\":{\"@id\":\"https:\/\/www.integral-location.ma\/product\/chaise-alki-marron\/#primaryimage\"},\"image\":{\"@id\":\"https:\/\/www.integral-location.ma\/product\/chaise-alki-marron\/#primaryimage\"},\"thumbnailUrl\":\"https:\/\/www.integral-location.ma\/app\/uploads\/2020\/09\/ch027mr-chaise-alki-marron-8-1.jpg\",\"datePublished\":\"2020-10-02T09:19:03+00:00\",\"dateModified\":\"2026-04-30T14:02:04+00:00\",\"breadcrumb\":{\"@id\":\"https:\/\/www.integral-location.ma\/product\/chaise-alki-marron\/#breadcrumb\"},\"inLanguage\":\"en-US\",\"potentialAction\":[{\"@type\":\"ReadAction\",\"target\":[\"https:\/\/www.integral-location.ma\/product\/chaise-alki-marron\/\"]}]},{\"@type\":\"ImageObject\",\"inLanguage\":\"en-US\",\"@id\":\"https:\/\/www.integral-location.ma\/product\/chaise-alki-marron\/#primaryimage\",\"url\":\"https:\/\/www.integral-location.ma\/app\/uploads\/2020\/09\/ch027mr-chaise-alki-marron-8-1.jpg\",\"contentUrl\":\"https:\/\/www.integral-location.ma\/app\/uploads\/2020\/09\/ch027mr-chaise-alki-marron-8-1.jpg\",\"width\":525,\"height\":525},{\"@type\":\"BreadcrumbList\",\"@id\":\"https:\/\/www.integral-location.ma\/product\/chaise-alki-marron\/#breadcrumb\",\"itemListElement\":[{\"@type\":\"ListItem\",\"position\":1,\"name\":\"Home\",\"item\":\"https:\/\/www.integral-location.ma\/\"},{\"@type\":\"ListItem\",\"position\":2,\"name\":\"Catalog\",\"item\":\"https:\/\/www.integral-location.ma\/en\/catalog\/\"},{\"@type\":\"ListItem\",\"position\":3,\"name\":\"\u00ab\u00a0ALKI\u00a0\u00bb Taupe chair\"}]},{\"@type\":\"WebSite\",\"@id\":\"https:\/\/www.integral-location.ma\/#website\",\"url\":\"https:\/\/www.integral-location.ma\/\",\"name\":\"Integral Solution\",\"description\":\"Sp\u00e9cialiste en location de mobilier &amp; de mat\u00e9riel \u00e9v\u00e9nementiel\",\"publisher\":{\"@id\":\"https:\/\/www.integral-location.ma\/#organization\"},\"potentialAction\":[{\"@type\":\"SearchAction\",\"target\":{\"@type\":\"EntryPoint\",\"urlTemplate\":\"https:\/\/www.integral-location.ma\/?s={search_term_string}\"},\"query-input\":{\"@type\":\"PropertyValueSpecification\",\"valueRequired\":true,\"valueName\":\"search_term_string\"}}],\"inLanguage\":\"en-US\"},{\"@type\":\"Organization\",\"@id\":\"https:\/\/www.integral-location.ma\/#organization\",\"name\":\"Integral Location\",\"url\":\"https:\/\/www.integral-location.ma\/\",\"logo\":{\"@type\":\"ImageObject\",\"inLanguage\":\"en-US\",\"@id\":\"https:\/\/www.integral-location.ma\/#\/schema\/logo\/image\/\",\"url\":\"https:\/\/www.integral-location.ma\/app\/uploads\/2020\/12\/logo_863d518a.svg\",\"contentUrl\":\"https:\/\/www.integral-location.ma\/app\/uploads\/2020\/12\/logo_863d518a.svg\",\"width\":170,\"height\":52,\"caption\":\"Integral Location\"},\"image\":{\"@id\":\"https:\/\/www.integral-location.ma\/#\/schema\/logo\/image\/\"},\"sameAs\":[\"https:\/\/www.facebook.com\/integrallocation\/\",\"https:\/\/www.instagram.com\/integral.solution\/\"]}]}<\/script>\n<!-- \/ Yoast SEO plugin. -->","yoast_head_json":{"title":"\"ALKI\" Taupe chair - Integral Solution","robots":{"index":"index","follow":"follow","max-snippet":"max-snippet:-1","max-image-preview":"max-image-preview:large","max-video-preview":"max-video-preview:-1"},"canonical":"https:\/\/www.integral-location.ma\/product\/chaise-alki-marron\/","og_locale":"en_US","og_type":"article","og_title":"\"ALKI\" Taupe chair - Integral Solution","og_description":"Dimensions (cm) : W46*H82*D50","og_url":"https:\/\/www.integral-location.ma\/product\/chaise-alki-marron\/","og_site_name":"Integral Solution","article_publisher":"https:\/\/www.facebook.com\/integrallocation\/","article_modified_time":"2026-04-30T14:02:04+00:00","og_image":[{"width":525,"height":525,"url":"https:\/\/www.integral-location.ma\/app\/uploads\/2020\/09\/ch027mr-chaise-alki-marron-8-1.jpg","type":"image\/jpeg"}],"twitter_card":"summary_large_image","schema":{"@context":"https:\/\/schema.org","@graph":[{"@type":"WebPage","@id":"https:\/\/www.integral-location.ma\/product\/chaise-alki-marron\/","url":"https:\/\/www.integral-location.ma\/product\/chaise-alki-marron\/","name":"\"ALKI\" Taupe chair - Integral Solution","isPartOf":{"@id":"https:\/\/www.integral-location.ma\/#website"},"primaryImageOfPage":{"@id":"https:\/\/www.integral-location.ma\/product\/chaise-alki-marron\/#primaryimage"},"image":{"@id":"https:\/\/www.integral-location.ma\/product\/chaise-alki-marron\/#primaryimage"},"thumbnailUrl":"https:\/\/www.integral-location.ma\/app\/uploads\/2020\/09\/ch027mr-chaise-alki-marron-8-1.jpg","datePublished":"2020-10-02T09:19:03+00:00","dateModified":"2026-04-30T14:02:04+00:00","breadcrumb":{"@id":"https:\/\/www.integral-location.ma\/product\/chaise-alki-marron\/#breadcrumb"},"inLanguage":"en-US","potentialAction":[{"@type":"ReadAction","target":["https:\/\/www.integral-location.ma\/product\/chaise-alki-marron\/"]}]},{"@type":"ImageObject","inLanguage":"en-US","@id":"https:\/\/www.integral-location.ma\/product\/chaise-alki-marron\/#primaryimage","url":"https:\/\/www.integral-location.ma\/app\/uploads\/2020\/09\/ch027mr-chaise-alki-marron-8-1.jpg","contentUrl":"https:\/\/www.integral-location.ma\/app\/uploads\/2020\/09\/ch027mr-chaise-alki-marron-8-1.jpg","width":525,"height":525},{"@type":"BreadcrumbList","@id":"https:\/\/www.integral-location.ma\/product\/chaise-alki-marron\/#breadcrumb","itemListElement":[{"@type":"ListItem","position":1,"name":"Home","item":"https:\/\/www.integral-location.ma\/"},{"@type":"ListItem","position":2,"name":"Catalog","item":"https:\/\/www.integral-location.ma\/en\/catalog\/"},{"@type":"ListItem","position":3,"name":"\u00ab\u00a0ALKI\u00a0\u00bb Taupe chair"}]},{"@type":"WebSite","@id":"https:\/\/www.integral-location.ma\/#website","url":"https:\/\/www.integral-location.ma\/","name":"Integral Solution","description":"Sp\u00e9cialiste en location de mobilier &amp; de mat\u00e9riel \u00e9v\u00e9nementiel","publisher":{"@id":"https:\/\/www.integral-location.ma\/#organization"},"potentialAction":[{"@type":"SearchAction","target":{"@type":"EntryPoint","urlTemplate":"https:\/\/www.integral-location.ma\/?s={search_term_string}"},"query-input":{"@type":"PropertyValueSpecification","valueRequired":true,"valueName":"search_term_string"}}],"inLanguage":"en-US"},{"@type":"Organization","@id":"https:\/\/www.integral-location.ma\/#organization","name":"Integral Location","url":"https:\/\/www.integral-location.ma\/","logo":{"@type":"ImageObject","inLanguage":"en-US","@id":"https:\/\/www.integral-location.ma\/#\/schema\/logo\/image\/","url":"https:\/\/www.integral-location.ma\/app\/uploads\/2020\/12\/logo_863d518a.svg","contentUrl":"https:\/\/www.integral-location.ma\/app\/uploads\/2020\/12\/logo_863d518a.svg","width":170,"height":52,"caption":"Integral Location"},"image":{"@id":"https:\/\/www.integral-location.ma\/#\/schema\/logo\/image\/"},"sameAs":["https:\/\/www.facebook.com\/integrallocation\/","https:\/\/www.instagram.com\/integral.solution\/"]}]}},"_links":{"self":[{"href":"https:\/\/www.integral-location.ma\/en\/wp-json\/wp\/v2\/product\/7280","targetHints":{"allow":["GET"]}}],"collection":[{"href":"https:\/\/www.integral-location.ma\/en\/wp-json\/wp\/v2\/product"}],"about":[{"href":"https:\/\/www.integral-location.ma\/en\/wp-json\/wp\/v2\/types\/product"}],"wp:featuredmedia":[{"embeddable":true,"href":"https:\/\/www.integral-location.ma\/en\/wp-json\/wp\/v2\/media\/7281"}],"wp:attachment":[{"href":"https:\/\/www.integral-location.ma\/en\/wp-json\/wp\/v2\/media?parent=7280"}],"wp:term":[{"taxonomy":"product_cat","embeddable":true,"href":"https:\/\/www.integral-location.ma\/en\/wp-json\/wp\/v2\/product_cat?post=7280"},{"taxonomy":"product_tag","embeddable":true,"href":"https:\/\/www.integral-location.ma\/en\/wp-json\/wp\/v2\/product_tag?post=7280"}],"curies":[{"name":"wp","href":"https:\/\/api.w.org\/{rel}","templated":true}]}}