{"id":16185,"date":"2024-09-26T14:27:03","date_gmt":"2024-09-26T14:27:03","guid":{"rendered":"https:\/\/www.integral-location.ma\/produit\/console-table-with-drawer\/"},"modified":"2026-04-03T22:25:50","modified_gmt":"2026-04-03T22:25:50","slug":"console-table-with-drawer","status":"publish","type":"product","link":"https:\/\/www.integral-location.ma\/en\/product\/console-table-with-drawer\/","title":{"rendered":"Console table with drawer"},"content":{"rendered":"","protected":false},"excerpt":{"rendered":"<p>Dimensions (cm) : L110*H90*D30               <\/p>\n","protected":false},"featured_media":8579,"template":"","meta":{"_acf_changed":false},"product_cat":[410,237,407],"product_tag":[],"class_list":["post-16185","product","type-product","status-publish","has-post-thumbnail","hentry","product_cat-console-tables","product_cat-furniture","product_cat-tables-en"],"acf":[],"yoast_head":"<!-- This site is optimized with the Yoast SEO plugin v24.7 - https:\/\/yoast.com\/wordpress\/plugins\/seo\/ -->\n<title>Console table with drawer - Integral Solution<\/title>\n<meta name=\"robots\" content=\"index, follow, max-snippet:-1, max-image-preview:large, max-video-preview:-1\" \/>\n<link rel=\"canonical\" href=\"https:\/\/www.integral-location.ma\/product\/table-console-avec-tiroir\/\" \/>\n<meta property=\"og:locale\" content=\"en_US\" \/>\n<meta property=\"og:type\" content=\"article\" \/>\n<meta property=\"og:title\" content=\"Console table with drawer - Integral Solution\" \/>\n<meta property=\"og:description\" content=\"Dimensions (cm) : L110*H90*D30\" \/>\n<meta property=\"og:url\" content=\"https:\/\/www.integral-location.ma\/product\/table-console-avec-tiroir\/\" \/>\n<meta property=\"og:site_name\" content=\"Integral Solution\" \/>\n<meta property=\"article:publisher\" content=\"https:\/\/www.facebook.com\/integrallocation\/\" \/>\n<meta property=\"article:modified_time\" content=\"2026-04-03T22:25:50+00:00\" \/>\n<meta property=\"og:image\" content=\"https:\/\/www.integral-location.ma\/app\/uploads\/2021\/02\/TA149NR-console-table-deco-location-maroc-3-1.jpg\" \/>\n\t<meta property=\"og:image:width\" content=\"720\" \/>\n\t<meta property=\"og:image:height\" content=\"720\" \/>\n\t<meta property=\"og:image:type\" content=\"image\/jpeg\" \/>\n<meta name=\"twitter:card\" content=\"summary_large_image\" \/>\n<script type=\"application\/ld+json\" class=\"yoast-schema-graph\">{\"@context\":\"https:\/\/schema.org\",\"@graph\":[{\"@type\":\"WebPage\",\"@id\":\"https:\/\/www.integral-location.ma\/product\/table-console-avec-tiroir\/\",\"url\":\"https:\/\/www.integral-location.ma\/product\/table-console-avec-tiroir\/\",\"name\":\"Console table with drawer - Integral Solution\",\"isPartOf\":{\"@id\":\"https:\/\/www.integral-location.ma\/#website\"},\"primaryImageOfPage\":{\"@id\":\"https:\/\/www.integral-location.ma\/product\/table-console-avec-tiroir\/#primaryimage\"},\"image\":{\"@id\":\"https:\/\/www.integral-location.ma\/product\/table-console-avec-tiroir\/#primaryimage\"},\"thumbnailUrl\":\"https:\/\/www.integral-location.ma\/app\/uploads\/2021\/02\/TA149NR-console-table-deco-location-maroc-3-1.jpg\",\"datePublished\":\"2024-09-26T14:27:03+00:00\",\"dateModified\":\"2026-04-03T22:25:50+00:00\",\"breadcrumb\":{\"@id\":\"https:\/\/www.integral-location.ma\/product\/table-console-avec-tiroir\/#breadcrumb\"},\"inLanguage\":\"en-US\",\"potentialAction\":[{\"@type\":\"ReadAction\",\"target\":[\"https:\/\/www.integral-location.ma\/product\/table-console-avec-tiroir\/\"]}]},{\"@type\":\"ImageObject\",\"inLanguage\":\"en-US\",\"@id\":\"https:\/\/www.integral-location.ma\/product\/table-console-avec-tiroir\/#primaryimage\",\"url\":\"https:\/\/www.integral-location.ma\/app\/uploads\/2021\/02\/TA149NR-console-table-deco-location-maroc-3-1.jpg\",\"contentUrl\":\"https:\/\/www.integral-location.ma\/app\/uploads\/2021\/02\/TA149NR-console-table-deco-location-maroc-3-1.jpg\",\"width\":720,\"height\":720,\"caption\":\"Table consol location Maroc\"},{\"@type\":\"BreadcrumbList\",\"@id\":\"https:\/\/www.integral-location.ma\/product\/table-console-avec-tiroir\/#breadcrumb\",\"itemListElement\":[{\"@type\":\"ListItem\",\"position\":1,\"name\":\"Home\",\"item\":\"https:\/\/www.integral-location.ma\/\"},{\"@type\":\"ListItem\",\"position\":2,\"name\":\"Catalog\",\"item\":\"https:\/\/www.integral-location.ma\/en\/catalog\/\"},{\"@type\":\"ListItem\",\"position\":3,\"name\":\"Console table with drawer\"}]},{\"@type\":\"WebSite\",\"@id\":\"https:\/\/www.integral-location.ma\/#website\",\"url\":\"https:\/\/www.integral-location.ma\/\",\"name\":\"Integral Solution\",\"description\":\"Sp\u00e9cialiste en location de mobilier &amp; de mat\u00e9riel \u00e9v\u00e9nementiel\",\"publisher\":{\"@id\":\"https:\/\/www.integral-location.ma\/#organization\"},\"potentialAction\":[{\"@type\":\"SearchAction\",\"target\":{\"@type\":\"EntryPoint\",\"urlTemplate\":\"https:\/\/www.integral-location.ma\/?s={search_term_string}\"},\"query-input\":{\"@type\":\"PropertyValueSpecification\",\"valueRequired\":true,\"valueName\":\"search_term_string\"}}],\"inLanguage\":\"en-US\"},{\"@type\":\"Organization\",\"@id\":\"https:\/\/www.integral-location.ma\/#organization\",\"name\":\"Integral Location\",\"url\":\"https:\/\/www.integral-location.ma\/\",\"logo\":{\"@type\":\"ImageObject\",\"inLanguage\":\"en-US\",\"@id\":\"https:\/\/www.integral-location.ma\/#\/schema\/logo\/image\/\",\"url\":\"https:\/\/www.integral-location.ma\/app\/uploads\/2020\/12\/logo_863d518a.svg\",\"contentUrl\":\"https:\/\/www.integral-location.ma\/app\/uploads\/2020\/12\/logo_863d518a.svg\",\"width\":170,\"height\":52,\"caption\":\"Integral Location\"},\"image\":{\"@id\":\"https:\/\/www.integral-location.ma\/#\/schema\/logo\/image\/\"},\"sameAs\":[\"https:\/\/www.facebook.com\/integrallocation\/\",\"https:\/\/www.instagram.com\/integral.solution\/\"]}]}<\/script>\n<!-- \/ Yoast SEO plugin. -->","yoast_head_json":{"title":"Console table with drawer - Integral Solution","robots":{"index":"index","follow":"follow","max-snippet":"max-snippet:-1","max-image-preview":"max-image-preview:large","max-video-preview":"max-video-preview:-1"},"canonical":"https:\/\/www.integral-location.ma\/product\/table-console-avec-tiroir\/","og_locale":"en_US","og_type":"article","og_title":"Console table with drawer - Integral Solution","og_description":"Dimensions (cm) : L110*H90*D30","og_url":"https:\/\/www.integral-location.ma\/product\/table-console-avec-tiroir\/","og_site_name":"Integral Solution","article_publisher":"https:\/\/www.facebook.com\/integrallocation\/","article_modified_time":"2026-04-03T22:25:50+00:00","og_image":[{"width":720,"height":720,"url":"https:\/\/www.integral-location.ma\/app\/uploads\/2021\/02\/TA149NR-console-table-deco-location-maroc-3-1.jpg","type":"image\/jpeg"}],"twitter_card":"summary_large_image","schema":{"@context":"https:\/\/schema.org","@graph":[{"@type":"WebPage","@id":"https:\/\/www.integral-location.ma\/product\/table-console-avec-tiroir\/","url":"https:\/\/www.integral-location.ma\/product\/table-console-avec-tiroir\/","name":"Console table with drawer - Integral Solution","isPartOf":{"@id":"https:\/\/www.integral-location.ma\/#website"},"primaryImageOfPage":{"@id":"https:\/\/www.integral-location.ma\/product\/table-console-avec-tiroir\/#primaryimage"},"image":{"@id":"https:\/\/www.integral-location.ma\/product\/table-console-avec-tiroir\/#primaryimage"},"thumbnailUrl":"https:\/\/www.integral-location.ma\/app\/uploads\/2021\/02\/TA149NR-console-table-deco-location-maroc-3-1.jpg","datePublished":"2024-09-26T14:27:03+00:00","dateModified":"2026-04-03T22:25:50+00:00","breadcrumb":{"@id":"https:\/\/www.integral-location.ma\/product\/table-console-avec-tiroir\/#breadcrumb"},"inLanguage":"en-US","potentialAction":[{"@type":"ReadAction","target":["https:\/\/www.integral-location.ma\/product\/table-console-avec-tiroir\/"]}]},{"@type":"ImageObject","inLanguage":"en-US","@id":"https:\/\/www.integral-location.ma\/product\/table-console-avec-tiroir\/#primaryimage","url":"https:\/\/www.integral-location.ma\/app\/uploads\/2021\/02\/TA149NR-console-table-deco-location-maroc-3-1.jpg","contentUrl":"https:\/\/www.integral-location.ma\/app\/uploads\/2021\/02\/TA149NR-console-table-deco-location-maroc-3-1.jpg","width":720,"height":720,"caption":"Table consol location Maroc"},{"@type":"BreadcrumbList","@id":"https:\/\/www.integral-location.ma\/product\/table-console-avec-tiroir\/#breadcrumb","itemListElement":[{"@type":"ListItem","position":1,"name":"Home","item":"https:\/\/www.integral-location.ma\/"},{"@type":"ListItem","position":2,"name":"Catalog","item":"https:\/\/www.integral-location.ma\/en\/catalog\/"},{"@type":"ListItem","position":3,"name":"Console table with drawer"}]},{"@type":"WebSite","@id":"https:\/\/www.integral-location.ma\/#website","url":"https:\/\/www.integral-location.ma\/","name":"Integral Solution","description":"Sp\u00e9cialiste en location de mobilier &amp; de mat\u00e9riel \u00e9v\u00e9nementiel","publisher":{"@id":"https:\/\/www.integral-location.ma\/#organization"},"potentialAction":[{"@type":"SearchAction","target":{"@type":"EntryPoint","urlTemplate":"https:\/\/www.integral-location.ma\/?s={search_term_string}"},"query-input":{"@type":"PropertyValueSpecification","valueRequired":true,"valueName":"search_term_string"}}],"inLanguage":"en-US"},{"@type":"Organization","@id":"https:\/\/www.integral-location.ma\/#organization","name":"Integral Location","url":"https:\/\/www.integral-location.ma\/","logo":{"@type":"ImageObject","inLanguage":"en-US","@id":"https:\/\/www.integral-location.ma\/#\/schema\/logo\/image\/","url":"https:\/\/www.integral-location.ma\/app\/uploads\/2020\/12\/logo_863d518a.svg","contentUrl":"https:\/\/www.integral-location.ma\/app\/uploads\/2020\/12\/logo_863d518a.svg","width":170,"height":52,"caption":"Integral Location"},"image":{"@id":"https:\/\/www.integral-location.ma\/#\/schema\/logo\/image\/"},"sameAs":["https:\/\/www.facebook.com\/integrallocation\/","https:\/\/www.instagram.com\/integral.solution\/"]}]}},"_links":{"self":[{"href":"https:\/\/www.integral-location.ma\/en\/wp-json\/wp\/v2\/product\/16185","targetHints":{"allow":["GET"]}}],"collection":[{"href":"https:\/\/www.integral-location.ma\/en\/wp-json\/wp\/v2\/product"}],"about":[{"href":"https:\/\/www.integral-location.ma\/en\/wp-json\/wp\/v2\/types\/product"}],"wp:featuredmedia":[{"embeddable":true,"href":"https:\/\/www.integral-location.ma\/en\/wp-json\/wp\/v2\/media\/8579"}],"wp:attachment":[{"href":"https:\/\/www.integral-location.ma\/en\/wp-json\/wp\/v2\/media?parent=16185"}],"wp:term":[{"taxonomy":"product_cat","embeddable":true,"href":"https:\/\/www.integral-location.ma\/en\/wp-json\/wp\/v2\/product_cat?post=16185"},{"taxonomy":"product_tag","embeddable":true,"href":"https:\/\/www.integral-location.ma\/en\/wp-json\/wp\/v2\/product_tag?post=16185"}],"curies":[{"name":"wp","href":"https:\/\/api.w.org\/{rel}","templated":true}]}}