{"id":16064,"date":"2024-09-26T12:22:24","date_gmt":"2024-09-26T12:22:24","guid":{"rendered":"https:\/\/www.integral-location.ma\/produit\/fixed-wall-mount-for-43-to-50-screens\/"},"modified":"2026-04-04T14:22:43","modified_gmt":"2026-04-04T14:22:43","slug":"fixed-wall-mount-for-43-to-50-screens","status":"publish","type":"product","link":"https:\/\/www.integral-location.ma\/en\/product\/fixed-wall-mount-for-43-to-50-screens\/","title":{"rendered":"Fixed wall mount for 43\u201c to 50\u201d screens"},"content":{"rendered":"","protected":false},"excerpt":{"rendered":"","protected":false},"featured_media":4804,"template":"","meta":{"_acf_changed":false},"product_cat":[419,425,427],"product_tag":[],"class_list":["post-16064","product","type-product","status-publish","has-post-thumbnail","hentry","product_cat-media-screens","product_cat-tv-screens","product_cat-wall-mount-for-tv-screens"],"acf":[],"yoast_head":"<!-- This site is optimized with the Yoast SEO plugin v24.7 - https:\/\/yoast.com\/wordpress\/plugins\/seo\/ -->\n<title>Fixed wall mount for 43\u201c to 50\u201d screens - Integral Solution<\/title>\n<meta name=\"robots\" content=\"index, follow, max-snippet:-1, max-image-preview:large, max-video-preview:-1\" \/>\n<link rel=\"canonical\" href=\"https:\/\/www.integral-location.ma\/product\/support-mural-fixe-pour-ecrans-43-a-50-pouces\/\" \/>\n<meta property=\"og:locale\" content=\"en_US\" \/>\n<meta property=\"og:type\" content=\"article\" \/>\n<meta property=\"og:title\" content=\"Fixed wall mount for 43\u201c to 50\u201d screens - Integral Solution\" \/>\n<meta property=\"og:url\" content=\"https:\/\/www.integral-location.ma\/product\/support-mural-fixe-pour-ecrans-43-a-50-pouces\/\" \/>\n<meta property=\"og:site_name\" content=\"Integral Solution\" \/>\n<meta property=\"article:publisher\" content=\"https:\/\/www.facebook.com\/integrallocation\/\" \/>\n<meta property=\"article:modified_time\" content=\"2026-04-04T14:22:43+00:00\" \/>\n<meta property=\"og:image\" content=\"https:\/\/www.integral-location.ma\/app\/uploads\/2020\/10\/sm001-support-mural-fixe-pour-ecrans-43-pouces.jpg\" \/>\n\t<meta property=\"og:image:width\" content=\"720\" \/>\n\t<meta property=\"og:image:height\" content=\"720\" \/>\n\t<meta property=\"og:image:type\" content=\"image\/jpeg\" \/>\n<meta name=\"twitter:card\" content=\"summary_large_image\" \/>\n<script type=\"application\/ld+json\" class=\"yoast-schema-graph\">{\"@context\":\"https:\/\/schema.org\",\"@graph\":[{\"@type\":\"WebPage\",\"@id\":\"https:\/\/www.integral-location.ma\/product\/support-mural-fixe-pour-ecrans-43-a-50-pouces\/\",\"url\":\"https:\/\/www.integral-location.ma\/product\/support-mural-fixe-pour-ecrans-43-a-50-pouces\/\",\"name\":\"Fixed wall mount for 43\u201c to 50\u201d screens - Integral Solution\",\"isPartOf\":{\"@id\":\"https:\/\/www.integral-location.ma\/#website\"},\"primaryImageOfPage\":{\"@id\":\"https:\/\/www.integral-location.ma\/product\/support-mural-fixe-pour-ecrans-43-a-50-pouces\/#primaryimage\"},\"image\":{\"@id\":\"https:\/\/www.integral-location.ma\/product\/support-mural-fixe-pour-ecrans-43-a-50-pouces\/#primaryimage\"},\"thumbnailUrl\":\"https:\/\/www.integral-location.ma\/app\/uploads\/2020\/10\/sm001-support-mural-fixe-pour-ecrans-43-pouces.jpg\",\"datePublished\":\"2024-09-26T12:22:24+00:00\",\"dateModified\":\"2026-04-04T14:22:43+00:00\",\"breadcrumb\":{\"@id\":\"https:\/\/www.integral-location.ma\/product\/support-mural-fixe-pour-ecrans-43-a-50-pouces\/#breadcrumb\"},\"inLanguage\":\"en-US\",\"potentialAction\":[{\"@type\":\"ReadAction\",\"target\":[\"https:\/\/www.integral-location.ma\/product\/support-mural-fixe-pour-ecrans-43-a-50-pouces\/\"]}]},{\"@type\":\"ImageObject\",\"inLanguage\":\"en-US\",\"@id\":\"https:\/\/www.integral-location.ma\/product\/support-mural-fixe-pour-ecrans-43-a-50-pouces\/#primaryimage\",\"url\":\"https:\/\/www.integral-location.ma\/app\/uploads\/2020\/10\/sm001-support-mural-fixe-pour-ecrans-43-pouces.jpg\",\"contentUrl\":\"https:\/\/www.integral-location.ma\/app\/uploads\/2020\/10\/sm001-support-mural-fixe-pour-ecrans-43-pouces.jpg\",\"width\":720,\"height\":720,\"caption\":\"support mural pour \u00e9crans TV\"},{\"@type\":\"BreadcrumbList\",\"@id\":\"https:\/\/www.integral-location.ma\/product\/support-mural-fixe-pour-ecrans-43-a-50-pouces\/#breadcrumb\",\"itemListElement\":[{\"@type\":\"ListItem\",\"position\":1,\"name\":\"Home\",\"item\":\"https:\/\/www.integral-location.ma\/\"},{\"@type\":\"ListItem\",\"position\":2,\"name\":\"Catalog\",\"item\":\"https:\/\/www.integral-location.ma\/en\/catalog\/\"},{\"@type\":\"ListItem\",\"position\":3,\"name\":\"Fixed wall mount for 43\u201c to 50\u201d screens\"}]},{\"@type\":\"WebSite\",\"@id\":\"https:\/\/www.integral-location.ma\/#website\",\"url\":\"https:\/\/www.integral-location.ma\/\",\"name\":\"Integral Solution\",\"description\":\"Sp\u00e9cialiste en location de mobilier &amp; de mat\u00e9riel \u00e9v\u00e9nementiel\",\"publisher\":{\"@id\":\"https:\/\/www.integral-location.ma\/#organization\"},\"potentialAction\":[{\"@type\":\"SearchAction\",\"target\":{\"@type\":\"EntryPoint\",\"urlTemplate\":\"https:\/\/www.integral-location.ma\/?s={search_term_string}\"},\"query-input\":{\"@type\":\"PropertyValueSpecification\",\"valueRequired\":true,\"valueName\":\"search_term_string\"}}],\"inLanguage\":\"en-US\"},{\"@type\":\"Organization\",\"@id\":\"https:\/\/www.integral-location.ma\/#organization\",\"name\":\"Integral Location\",\"url\":\"https:\/\/www.integral-location.ma\/\",\"logo\":{\"@type\":\"ImageObject\",\"inLanguage\":\"en-US\",\"@id\":\"https:\/\/www.integral-location.ma\/#\/schema\/logo\/image\/\",\"url\":\"https:\/\/www.integral-location.ma\/app\/uploads\/2020\/12\/logo_863d518a.svg\",\"contentUrl\":\"https:\/\/www.integral-location.ma\/app\/uploads\/2020\/12\/logo_863d518a.svg\",\"width\":170,\"height\":52,\"caption\":\"Integral Location\"},\"image\":{\"@id\":\"https:\/\/www.integral-location.ma\/#\/schema\/logo\/image\/\"},\"sameAs\":[\"https:\/\/www.facebook.com\/integrallocation\/\",\"https:\/\/www.instagram.com\/integral.solution\/\"]}]}<\/script>\n<!-- \/ Yoast SEO plugin. -->","yoast_head_json":{"title":"Fixed wall mount for 43\u201c to 50\u201d screens - Integral Solution","robots":{"index":"index","follow":"follow","max-snippet":"max-snippet:-1","max-image-preview":"max-image-preview:large","max-video-preview":"max-video-preview:-1"},"canonical":"https:\/\/www.integral-location.ma\/product\/support-mural-fixe-pour-ecrans-43-a-50-pouces\/","og_locale":"en_US","og_type":"article","og_title":"Fixed wall mount for 43\u201c to 50\u201d screens - Integral Solution","og_url":"https:\/\/www.integral-location.ma\/product\/support-mural-fixe-pour-ecrans-43-a-50-pouces\/","og_site_name":"Integral Solution","article_publisher":"https:\/\/www.facebook.com\/integrallocation\/","article_modified_time":"2026-04-04T14:22:43+00:00","og_image":[{"width":720,"height":720,"url":"https:\/\/www.integral-location.ma\/app\/uploads\/2020\/10\/sm001-support-mural-fixe-pour-ecrans-43-pouces.jpg","type":"image\/jpeg"}],"twitter_card":"summary_large_image","schema":{"@context":"https:\/\/schema.org","@graph":[{"@type":"WebPage","@id":"https:\/\/www.integral-location.ma\/product\/support-mural-fixe-pour-ecrans-43-a-50-pouces\/","url":"https:\/\/www.integral-location.ma\/product\/support-mural-fixe-pour-ecrans-43-a-50-pouces\/","name":"Fixed wall mount for 43\u201c to 50\u201d screens - Integral Solution","isPartOf":{"@id":"https:\/\/www.integral-location.ma\/#website"},"primaryImageOfPage":{"@id":"https:\/\/www.integral-location.ma\/product\/support-mural-fixe-pour-ecrans-43-a-50-pouces\/#primaryimage"},"image":{"@id":"https:\/\/www.integral-location.ma\/product\/support-mural-fixe-pour-ecrans-43-a-50-pouces\/#primaryimage"},"thumbnailUrl":"https:\/\/www.integral-location.ma\/app\/uploads\/2020\/10\/sm001-support-mural-fixe-pour-ecrans-43-pouces.jpg","datePublished":"2024-09-26T12:22:24+00:00","dateModified":"2026-04-04T14:22:43+00:00","breadcrumb":{"@id":"https:\/\/www.integral-location.ma\/product\/support-mural-fixe-pour-ecrans-43-a-50-pouces\/#breadcrumb"},"inLanguage":"en-US","potentialAction":[{"@type":"ReadAction","target":["https:\/\/www.integral-location.ma\/product\/support-mural-fixe-pour-ecrans-43-a-50-pouces\/"]}]},{"@type":"ImageObject","inLanguage":"en-US","@id":"https:\/\/www.integral-location.ma\/product\/support-mural-fixe-pour-ecrans-43-a-50-pouces\/#primaryimage","url":"https:\/\/www.integral-location.ma\/app\/uploads\/2020\/10\/sm001-support-mural-fixe-pour-ecrans-43-pouces.jpg","contentUrl":"https:\/\/www.integral-location.ma\/app\/uploads\/2020\/10\/sm001-support-mural-fixe-pour-ecrans-43-pouces.jpg","width":720,"height":720,"caption":"support mural pour \u00e9crans TV"},{"@type":"BreadcrumbList","@id":"https:\/\/www.integral-location.ma\/product\/support-mural-fixe-pour-ecrans-43-a-50-pouces\/#breadcrumb","itemListElement":[{"@type":"ListItem","position":1,"name":"Home","item":"https:\/\/www.integral-location.ma\/"},{"@type":"ListItem","position":2,"name":"Catalog","item":"https:\/\/www.integral-location.ma\/en\/catalog\/"},{"@type":"ListItem","position":3,"name":"Fixed wall mount for 43\u201c to 50\u201d screens"}]},{"@type":"WebSite","@id":"https:\/\/www.integral-location.ma\/#website","url":"https:\/\/www.integral-location.ma\/","name":"Integral Solution","description":"Sp\u00e9cialiste en location de mobilier &amp; de mat\u00e9riel \u00e9v\u00e9nementiel","publisher":{"@id":"https:\/\/www.integral-location.ma\/#organization"},"potentialAction":[{"@type":"SearchAction","target":{"@type":"EntryPoint","urlTemplate":"https:\/\/www.integral-location.ma\/?s={search_term_string}"},"query-input":{"@type":"PropertyValueSpecification","valueRequired":true,"valueName":"search_term_string"}}],"inLanguage":"en-US"},{"@type":"Organization","@id":"https:\/\/www.integral-location.ma\/#organization","name":"Integral Location","url":"https:\/\/www.integral-location.ma\/","logo":{"@type":"ImageObject","inLanguage":"en-US","@id":"https:\/\/www.integral-location.ma\/#\/schema\/logo\/image\/","url":"https:\/\/www.integral-location.ma\/app\/uploads\/2020\/12\/logo_863d518a.svg","contentUrl":"https:\/\/www.integral-location.ma\/app\/uploads\/2020\/12\/logo_863d518a.svg","width":170,"height":52,"caption":"Integral Location"},"image":{"@id":"https:\/\/www.integral-location.ma\/#\/schema\/logo\/image\/"},"sameAs":["https:\/\/www.facebook.com\/integrallocation\/","https:\/\/www.instagram.com\/integral.solution\/"]}]}},"_links":{"self":[{"href":"https:\/\/www.integral-location.ma\/en\/wp-json\/wp\/v2\/product\/16064","targetHints":{"allow":["GET"]}}],"collection":[{"href":"https:\/\/www.integral-location.ma\/en\/wp-json\/wp\/v2\/product"}],"about":[{"href":"https:\/\/www.integral-location.ma\/en\/wp-json\/wp\/v2\/types\/product"}],"wp:featuredmedia":[{"embeddable":true,"href":"https:\/\/www.integral-location.ma\/en\/wp-json\/wp\/v2\/media\/4804"}],"wp:attachment":[{"href":"https:\/\/www.integral-location.ma\/en\/wp-json\/wp\/v2\/media?parent=16064"}],"wp:term":[{"taxonomy":"product_cat","embeddable":true,"href":"https:\/\/www.integral-location.ma\/en\/wp-json\/wp\/v2\/product_cat?post=16064"},{"taxonomy":"product_tag","embeddable":true,"href":"https:\/\/www.integral-location.ma\/en\/wp-json\/wp\/v2\/product_tag?post=16064"}],"curies":[{"name":"wp","href":"https:\/\/api.w.org\/{rel}","templated":true}]}}