{"id":15924,"date":"2024-09-26T12:19:38","date_gmt":"2024-09-26T12:19:38","guid":{"rendered":"https:\/\/www.integral-location.ma\/produit\/44-m%c2%b2-pitch-2-5mm-11h4m-format-16-9-2\/"},"modified":"2026-04-05T14:19:44","modified_gmt":"2026-04-05T14:19:44","slug":"44-m%c2%b2-pitch-2-5mm-11h4m-format-16-9-2","status":"publish","type":"product","link":"https:\/\/www.integral-location.ma\/en\/product\/44-m%c2%b2-pitch-2-5mm-11h4m-format-16-9-2\/","title":{"rendered":"44 m\u00b2 \/ Pitch 2.5mm \/ (11*H4m) \/ Format 16\/9"},"content":{"rendered":"","protected":false},"excerpt":{"rendered":"<p>Mounting structure \/ Led Video processor     <\/p>\n","protected":false},"featured_media":0,"template":"","meta":{"_acf_changed":false},"product_cat":[],"product_tag":[],"class_list":["post-15924","product","type-product","status-publish","hentry"],"acf":[],"yoast_head":"<!-- This site is optimized with the Yoast SEO plugin v24.7 - https:\/\/yoast.com\/wordpress\/plugins\/seo\/ -->\n<title>44 m\u00b2 \/ Pitch 2.5mm \/ (11*H4m) \/ Format 16\/9 - Integral Solution<\/title>\n<meta name=\"robots\" content=\"index, follow, max-snippet:-1, max-image-preview:large, max-video-preview:-1\" \/>\n<link rel=\"canonical\" href=\"https:\/\/www.integral-location.ma\/product\/44-m\u00b2-pitch-2-5mm-11h4m-format-16-9\/\" \/>\n<meta property=\"og:locale\" content=\"en_US\" \/>\n<meta property=\"og:type\" content=\"article\" \/>\n<meta property=\"og:title\" content=\"44 m\u00b2 \/ Pitch 2.5mm \/ (11*H4m) \/ Format 16\/9 - Integral Solution\" \/>\n<meta property=\"og:description\" content=\"Mounting structure \/ Led Video processor\" \/>\n<meta property=\"og:url\" content=\"https:\/\/www.integral-location.ma\/product\/44-m\u00b2-pitch-2-5mm-11h4m-format-16-9\/\" \/>\n<meta property=\"og:site_name\" content=\"Integral Solution\" \/>\n<meta property=\"article:publisher\" content=\"https:\/\/www.facebook.com\/integrallocation\/\" \/>\n<meta property=\"article:modified_time\" content=\"2026-04-05T14:19:44+00:00\" \/>\n<meta name=\"twitter:card\" content=\"summary_large_image\" \/>\n<script type=\"application\/ld+json\" class=\"yoast-schema-graph\">{\"@context\":\"https:\/\/schema.org\",\"@graph\":[{\"@type\":\"WebPage\",\"@id\":\"https:\/\/www.integral-location.ma\/product\/44-m%c2%b2-pitch-2-5mm-11h4m-format-16-9\/\",\"url\":\"https:\/\/www.integral-location.ma\/product\/44-m%c2%b2-pitch-2-5mm-11h4m-format-16-9\/\",\"name\":\"44 m\u00b2 \/ Pitch 2.5mm \/ (11*H4m) \/ Format 16\/9 - Integral Solution\",\"isPartOf\":{\"@id\":\"https:\/\/www.integral-location.ma\/#website\"},\"datePublished\":\"2024-09-26T12:19:38+00:00\",\"dateModified\":\"2026-04-05T14:19:44+00:00\",\"breadcrumb\":{\"@id\":\"https:\/\/www.integral-location.ma\/product\/44-m%c2%b2-pitch-2-5mm-11h4m-format-16-9\/#breadcrumb\"},\"inLanguage\":\"en-US\",\"potentialAction\":[{\"@type\":\"ReadAction\",\"target\":[\"https:\/\/www.integral-location.ma\/product\/44-m%c2%b2-pitch-2-5mm-11h4m-format-16-9\/\"]}]},{\"@type\":\"BreadcrumbList\",\"@id\":\"https:\/\/www.integral-location.ma\/product\/44-m%c2%b2-pitch-2-5mm-11h4m-format-16-9\/#breadcrumb\",\"itemListElement\":[{\"@type\":\"ListItem\",\"position\":1,\"name\":\"Home\",\"item\":\"https:\/\/www.integral-location.ma\/\"},{\"@type\":\"ListItem\",\"position\":2,\"name\":\"Catalog\",\"item\":\"https:\/\/www.integral-location.ma\/en\/catalog\/\"},{\"@type\":\"ListItem\",\"position\":3,\"name\":\"44 m\u00b2 \/ Pitch 2.5mm \/ (11*H4m) \/ Format 16\/9\"}]},{\"@type\":\"WebSite\",\"@id\":\"https:\/\/www.integral-location.ma\/#website\",\"url\":\"https:\/\/www.integral-location.ma\/\",\"name\":\"Integral Solution\",\"description\":\"Sp\u00e9cialiste en location de mobilier &amp; de mat\u00e9riel \u00e9v\u00e9nementiel\",\"publisher\":{\"@id\":\"https:\/\/www.integral-location.ma\/#organization\"},\"potentialAction\":[{\"@type\":\"SearchAction\",\"target\":{\"@type\":\"EntryPoint\",\"urlTemplate\":\"https:\/\/www.integral-location.ma\/?s={search_term_string}\"},\"query-input\":{\"@type\":\"PropertyValueSpecification\",\"valueRequired\":true,\"valueName\":\"search_term_string\"}}],\"inLanguage\":\"en-US\"},{\"@type\":\"Organization\",\"@id\":\"https:\/\/www.integral-location.ma\/#organization\",\"name\":\"Integral Location\",\"url\":\"https:\/\/www.integral-location.ma\/\",\"logo\":{\"@type\":\"ImageObject\",\"inLanguage\":\"en-US\",\"@id\":\"https:\/\/www.integral-location.ma\/#\/schema\/logo\/image\/\",\"url\":\"https:\/\/www.integral-location.ma\/app\/uploads\/2020\/12\/logo_863d518a.svg\",\"contentUrl\":\"https:\/\/www.integral-location.ma\/app\/uploads\/2020\/12\/logo_863d518a.svg\",\"width\":170,\"height\":52,\"caption\":\"Integral Location\"},\"image\":{\"@id\":\"https:\/\/www.integral-location.ma\/#\/schema\/logo\/image\/\"},\"sameAs\":[\"https:\/\/www.facebook.com\/integrallocation\/\",\"https:\/\/www.instagram.com\/integral.solution\/\"]}]}<\/script>\n<!-- \/ Yoast SEO plugin. -->","yoast_head_json":{"title":"44 m\u00b2 \/ Pitch 2.5mm \/ (11*H4m) \/ Format 16\/9 - Integral Solution","robots":{"index":"index","follow":"follow","max-snippet":"max-snippet:-1","max-image-preview":"max-image-preview:large","max-video-preview":"max-video-preview:-1"},"canonical":"https:\/\/www.integral-location.ma\/product\/44-m\u00b2-pitch-2-5mm-11h4m-format-16-9\/","og_locale":"en_US","og_type":"article","og_title":"44 m\u00b2 \/ Pitch 2.5mm \/ (11*H4m) \/ Format 16\/9 - Integral Solution","og_description":"Mounting structure \/ Led Video processor","og_url":"https:\/\/www.integral-location.ma\/product\/44-m\u00b2-pitch-2-5mm-11h4m-format-16-9\/","og_site_name":"Integral Solution","article_publisher":"https:\/\/www.facebook.com\/integrallocation\/","article_modified_time":"2026-04-05T14:19:44+00:00","twitter_card":"summary_large_image","schema":{"@context":"https:\/\/schema.org","@graph":[{"@type":"WebPage","@id":"https:\/\/www.integral-location.ma\/product\/44-m%c2%b2-pitch-2-5mm-11h4m-format-16-9\/","url":"https:\/\/www.integral-location.ma\/product\/44-m%c2%b2-pitch-2-5mm-11h4m-format-16-9\/","name":"44 m\u00b2 \/ Pitch 2.5mm \/ (11*H4m) \/ Format 16\/9 - Integral Solution","isPartOf":{"@id":"https:\/\/www.integral-location.ma\/#website"},"datePublished":"2024-09-26T12:19:38+00:00","dateModified":"2026-04-05T14:19:44+00:00","breadcrumb":{"@id":"https:\/\/www.integral-location.ma\/product\/44-m%c2%b2-pitch-2-5mm-11h4m-format-16-9\/#breadcrumb"},"inLanguage":"en-US","potentialAction":[{"@type":"ReadAction","target":["https:\/\/www.integral-location.ma\/product\/44-m%c2%b2-pitch-2-5mm-11h4m-format-16-9\/"]}]},{"@type":"BreadcrumbList","@id":"https:\/\/www.integral-location.ma\/product\/44-m%c2%b2-pitch-2-5mm-11h4m-format-16-9\/#breadcrumb","itemListElement":[{"@type":"ListItem","position":1,"name":"Home","item":"https:\/\/www.integral-location.ma\/"},{"@type":"ListItem","position":2,"name":"Catalog","item":"https:\/\/www.integral-location.ma\/en\/catalog\/"},{"@type":"ListItem","position":3,"name":"44 m\u00b2 \/ Pitch 2.5mm \/ (11*H4m) \/ Format 16\/9"}]},{"@type":"WebSite","@id":"https:\/\/www.integral-location.ma\/#website","url":"https:\/\/www.integral-location.ma\/","name":"Integral Solution","description":"Sp\u00e9cialiste en location de mobilier &amp; de mat\u00e9riel \u00e9v\u00e9nementiel","publisher":{"@id":"https:\/\/www.integral-location.ma\/#organization"},"potentialAction":[{"@type":"SearchAction","target":{"@type":"EntryPoint","urlTemplate":"https:\/\/www.integral-location.ma\/?s={search_term_string}"},"query-input":{"@type":"PropertyValueSpecification","valueRequired":true,"valueName":"search_term_string"}}],"inLanguage":"en-US"},{"@type":"Organization","@id":"https:\/\/www.integral-location.ma\/#organization","name":"Integral Location","url":"https:\/\/www.integral-location.ma\/","logo":{"@type":"ImageObject","inLanguage":"en-US","@id":"https:\/\/www.integral-location.ma\/#\/schema\/logo\/image\/","url":"https:\/\/www.integral-location.ma\/app\/uploads\/2020\/12\/logo_863d518a.svg","contentUrl":"https:\/\/www.integral-location.ma\/app\/uploads\/2020\/12\/logo_863d518a.svg","width":170,"height":52,"caption":"Integral Location"},"image":{"@id":"https:\/\/www.integral-location.ma\/#\/schema\/logo\/image\/"},"sameAs":["https:\/\/www.facebook.com\/integrallocation\/","https:\/\/www.instagram.com\/integral.solution\/"]}]}},"_links":{"self":[{"href":"https:\/\/www.integral-location.ma\/en\/wp-json\/wp\/v2\/product\/15924","targetHints":{"allow":["GET"]}}],"collection":[{"href":"https:\/\/www.integral-location.ma\/en\/wp-json\/wp\/v2\/product"}],"about":[{"href":"https:\/\/www.integral-location.ma\/en\/wp-json\/wp\/v2\/types\/product"}],"wp:attachment":[{"href":"https:\/\/www.integral-location.ma\/en\/wp-json\/wp\/v2\/media?parent=15924"}],"wp:term":[{"taxonomy":"product_cat","embeddable":true,"href":"https:\/\/www.integral-location.ma\/en\/wp-json\/wp\/v2\/product_cat?post=15924"},{"taxonomy":"product_tag","embeddable":true,"href":"https:\/\/www.integral-location.ma\/en\/wp-json\/wp\/v2\/product_tag?post=15924"}],"curies":[{"name":"wp","href":"https:\/\/api.w.org\/{rel}","templated":true}]}}