{"id":15432,"date":"2024-09-26T08:21:15","date_gmt":"2024-09-26T08:21:15","guid":{"rendered":"https:\/\/www.integral-location.ma\/produit\/vase-mod-4-2\/"},"modified":"2026-04-03T20:10:14","modified_gmt":"2026-04-03T20:10:14","slug":"vase-mod-4-2","status":"publish","type":"product","link":"https:\/\/www.integral-location.ma\/en\/product\/vase-mod-4-2\/","title":{"rendered":"Vase mod 4"},"content":{"rendered":"","protected":false},"excerpt":{"rendered":"<p>Dimensions (cm) : D12*H20                    <\/p>\n","protected":false},"featured_media":9206,"template":"","meta":{"_acf_changed":false},"product_cat":[245,246,392,391,249,257],"product_tag":[],"class_list":["post-15432","product","type-product","status-publish","has-post-thumbnail","hentry","product_cat-accessories","product_cat-accessories-1","product_cat-decorative-objects-and-pottery","product_cat-interior-decoration","product_cat-interior-decoration-decorative-objects-pottery","product_cat-vases-en"],"acf":[],"yoast_head":"<!-- This site is optimized with the Yoast SEO plugin v24.7 - https:\/\/yoast.com\/wordpress\/plugins\/seo\/ -->\n<title>Vase mod 4 - Integral Solution<\/title>\n<meta name=\"robots\" content=\"index, follow, max-snippet:-1, max-image-preview:large, max-video-preview:-1\" \/>\n<link rel=\"canonical\" href=\"https:\/\/www.integral-location.ma\/product\/vase-mod-4\/\" \/>\n<meta property=\"og:locale\" content=\"en_US\" \/>\n<meta property=\"og:type\" content=\"article\" \/>\n<meta property=\"og:title\" content=\"Vase mod 4 - Integral Solution\" \/>\n<meta property=\"og:description\" content=\"Dimensions (cm) : D12*H20\" \/>\n<meta property=\"og:url\" content=\"https:\/\/www.integral-location.ma\/product\/vase-mod-4\/\" \/>\n<meta property=\"og:site_name\" content=\"Integral Solution\" \/>\n<meta property=\"article:publisher\" content=\"https:\/\/www.facebook.com\/integrallocation\/\" \/>\n<meta property=\"article:modified_time\" content=\"2026-04-03T20:10:14+00:00\" \/>\n<meta property=\"og:image\" content=\"https:\/\/www.integral-location.ma\/app\/uploads\/2021\/03\/DP063RA.jpg\" \/>\n\t<meta property=\"og:image:width\" content=\"720\" \/>\n\t<meta property=\"og:image:height\" content=\"720\" \/>\n\t<meta property=\"og:image:type\" content=\"image\/jpeg\" \/>\n<meta name=\"twitter:card\" content=\"summary_large_image\" \/>\n<script type=\"application\/ld+json\" class=\"yoast-schema-graph\">{\"@context\":\"https:\/\/schema.org\",\"@graph\":[{\"@type\":\"WebPage\",\"@id\":\"https:\/\/www.integral-location.ma\/product\/vase-mod-4\/\",\"url\":\"https:\/\/www.integral-location.ma\/product\/vase-mod-4\/\",\"name\":\"Vase mod 4 - Integral Solution\",\"isPartOf\":{\"@id\":\"https:\/\/www.integral-location.ma\/#website\"},\"primaryImageOfPage\":{\"@id\":\"https:\/\/www.integral-location.ma\/product\/vase-mod-4\/#primaryimage\"},\"image\":{\"@id\":\"https:\/\/www.integral-location.ma\/product\/vase-mod-4\/#primaryimage\"},\"thumbnailUrl\":\"https:\/\/www.integral-location.ma\/app\/uploads\/2021\/03\/DP063RA.jpg\",\"datePublished\":\"2024-09-26T08:21:15+00:00\",\"dateModified\":\"2026-04-03T20:10:14+00:00\",\"breadcrumb\":{\"@id\":\"https:\/\/www.integral-location.ma\/product\/vase-mod-4\/#breadcrumb\"},\"inLanguage\":\"en-US\",\"potentialAction\":[{\"@type\":\"ReadAction\",\"target\":[\"https:\/\/www.integral-location.ma\/product\/vase-mod-4\/\"]}]},{\"@type\":\"ImageObject\",\"inLanguage\":\"en-US\",\"@id\":\"https:\/\/www.integral-location.ma\/product\/vase-mod-4\/#primaryimage\",\"url\":\"https:\/\/www.integral-location.ma\/app\/uploads\/2021\/03\/DP063RA.jpg\",\"contentUrl\":\"https:\/\/www.integral-location.ma\/app\/uploads\/2021\/03\/DP063RA.jpg\",\"width\":720,\"height\":720,\"caption\":\"Poteries location maroc\"},{\"@type\":\"BreadcrumbList\",\"@id\":\"https:\/\/www.integral-location.ma\/product\/vase-mod-4\/#breadcrumb\",\"itemListElement\":[{\"@type\":\"ListItem\",\"position\":1,\"name\":\"Home\",\"item\":\"https:\/\/www.integral-location.ma\/\"},{\"@type\":\"ListItem\",\"position\":2,\"name\":\"Catalog\",\"item\":\"https:\/\/www.integral-location.ma\/en\/catalog\/\"},{\"@type\":\"ListItem\",\"position\":3,\"name\":\"Vase mod 4\"}]},{\"@type\":\"WebSite\",\"@id\":\"https:\/\/www.integral-location.ma\/#website\",\"url\":\"https:\/\/www.integral-location.ma\/\",\"name\":\"Integral Solution\",\"description\":\"Sp\u00e9cialiste en location de mobilier &amp; de mat\u00e9riel \u00e9v\u00e9nementiel\",\"publisher\":{\"@id\":\"https:\/\/www.integral-location.ma\/#organization\"},\"potentialAction\":[{\"@type\":\"SearchAction\",\"target\":{\"@type\":\"EntryPoint\",\"urlTemplate\":\"https:\/\/www.integral-location.ma\/?s={search_term_string}\"},\"query-input\":{\"@type\":\"PropertyValueSpecification\",\"valueRequired\":true,\"valueName\":\"search_term_string\"}}],\"inLanguage\":\"en-US\"},{\"@type\":\"Organization\",\"@id\":\"https:\/\/www.integral-location.ma\/#organization\",\"name\":\"Integral Location\",\"url\":\"https:\/\/www.integral-location.ma\/\",\"logo\":{\"@type\":\"ImageObject\",\"inLanguage\":\"en-US\",\"@id\":\"https:\/\/www.integral-location.ma\/#\/schema\/logo\/image\/\",\"url\":\"https:\/\/www.integral-location.ma\/app\/uploads\/2020\/12\/logo_863d518a.svg\",\"contentUrl\":\"https:\/\/www.integral-location.ma\/app\/uploads\/2020\/12\/logo_863d518a.svg\",\"width\":170,\"height\":52,\"caption\":\"Integral Location\"},\"image\":{\"@id\":\"https:\/\/www.integral-location.ma\/#\/schema\/logo\/image\/\"},\"sameAs\":[\"https:\/\/www.facebook.com\/integrallocation\/\",\"https:\/\/www.instagram.com\/integral.solution\/\"]}]}<\/script>\n<!-- \/ Yoast SEO plugin. -->","yoast_head_json":{"title":"Vase mod 4 - Integral Solution","robots":{"index":"index","follow":"follow","max-snippet":"max-snippet:-1","max-image-preview":"max-image-preview:large","max-video-preview":"max-video-preview:-1"},"canonical":"https:\/\/www.integral-location.ma\/product\/vase-mod-4\/","og_locale":"en_US","og_type":"article","og_title":"Vase mod 4 - Integral Solution","og_description":"Dimensions (cm) : D12*H20","og_url":"https:\/\/www.integral-location.ma\/product\/vase-mod-4\/","og_site_name":"Integral Solution","article_publisher":"https:\/\/www.facebook.com\/integrallocation\/","article_modified_time":"2026-04-03T20:10:14+00:00","og_image":[{"width":720,"height":720,"url":"https:\/\/www.integral-location.ma\/app\/uploads\/2021\/03\/DP063RA.jpg","type":"image\/jpeg"}],"twitter_card":"summary_large_image","schema":{"@context":"https:\/\/schema.org","@graph":[{"@type":"WebPage","@id":"https:\/\/www.integral-location.ma\/product\/vase-mod-4\/","url":"https:\/\/www.integral-location.ma\/product\/vase-mod-4\/","name":"Vase mod 4 - Integral Solution","isPartOf":{"@id":"https:\/\/www.integral-location.ma\/#website"},"primaryImageOfPage":{"@id":"https:\/\/www.integral-location.ma\/product\/vase-mod-4\/#primaryimage"},"image":{"@id":"https:\/\/www.integral-location.ma\/product\/vase-mod-4\/#primaryimage"},"thumbnailUrl":"https:\/\/www.integral-location.ma\/app\/uploads\/2021\/03\/DP063RA.jpg","datePublished":"2024-09-26T08:21:15+00:00","dateModified":"2026-04-03T20:10:14+00:00","breadcrumb":{"@id":"https:\/\/www.integral-location.ma\/product\/vase-mod-4\/#breadcrumb"},"inLanguage":"en-US","potentialAction":[{"@type":"ReadAction","target":["https:\/\/www.integral-location.ma\/product\/vase-mod-4\/"]}]},{"@type":"ImageObject","inLanguage":"en-US","@id":"https:\/\/www.integral-location.ma\/product\/vase-mod-4\/#primaryimage","url":"https:\/\/www.integral-location.ma\/app\/uploads\/2021\/03\/DP063RA.jpg","contentUrl":"https:\/\/www.integral-location.ma\/app\/uploads\/2021\/03\/DP063RA.jpg","width":720,"height":720,"caption":"Poteries location maroc"},{"@type":"BreadcrumbList","@id":"https:\/\/www.integral-location.ma\/product\/vase-mod-4\/#breadcrumb","itemListElement":[{"@type":"ListItem","position":1,"name":"Home","item":"https:\/\/www.integral-location.ma\/"},{"@type":"ListItem","position":2,"name":"Catalog","item":"https:\/\/www.integral-location.ma\/en\/catalog\/"},{"@type":"ListItem","position":3,"name":"Vase mod 4"}]},{"@type":"WebSite","@id":"https:\/\/www.integral-location.ma\/#website","url":"https:\/\/www.integral-location.ma\/","name":"Integral Solution","description":"Sp\u00e9cialiste en location de mobilier &amp; de mat\u00e9riel \u00e9v\u00e9nementiel","publisher":{"@id":"https:\/\/www.integral-location.ma\/#organization"},"potentialAction":[{"@type":"SearchAction","target":{"@type":"EntryPoint","urlTemplate":"https:\/\/www.integral-location.ma\/?s={search_term_string}"},"query-input":{"@type":"PropertyValueSpecification","valueRequired":true,"valueName":"search_term_string"}}],"inLanguage":"en-US"},{"@type":"Organization","@id":"https:\/\/www.integral-location.ma\/#organization","name":"Integral Location","url":"https:\/\/www.integral-location.ma\/","logo":{"@type":"ImageObject","inLanguage":"en-US","@id":"https:\/\/www.integral-location.ma\/#\/schema\/logo\/image\/","url":"https:\/\/www.integral-location.ma\/app\/uploads\/2020\/12\/logo_863d518a.svg","contentUrl":"https:\/\/www.integral-location.ma\/app\/uploads\/2020\/12\/logo_863d518a.svg","width":170,"height":52,"caption":"Integral Location"},"image":{"@id":"https:\/\/www.integral-location.ma\/#\/schema\/logo\/image\/"},"sameAs":["https:\/\/www.facebook.com\/integrallocation\/","https:\/\/www.instagram.com\/integral.solution\/"]}]}},"_links":{"self":[{"href":"https:\/\/www.integral-location.ma\/en\/wp-json\/wp\/v2\/product\/15432","targetHints":{"allow":["GET"]}}],"collection":[{"href":"https:\/\/www.integral-location.ma\/en\/wp-json\/wp\/v2\/product"}],"about":[{"href":"https:\/\/www.integral-location.ma\/en\/wp-json\/wp\/v2\/types\/product"}],"wp:featuredmedia":[{"embeddable":true,"href":"https:\/\/www.integral-location.ma\/en\/wp-json\/wp\/v2\/media\/9206"}],"wp:attachment":[{"href":"https:\/\/www.integral-location.ma\/en\/wp-json\/wp\/v2\/media?parent=15432"}],"wp:term":[{"taxonomy":"product_cat","embeddable":true,"href":"https:\/\/www.integral-location.ma\/en\/wp-json\/wp\/v2\/product_cat?post=15432"},{"taxonomy":"product_tag","embeddable":true,"href":"https:\/\/www.integral-location.ma\/en\/wp-json\/wp\/v2\/product_tag?post=15432"}],"curies":[{"name":"wp","href":"https:\/\/api.w.org\/{rel}","templated":true}]}}