{"id":15107,"date":"2024-09-23T14:17:05","date_gmt":"2024-09-23T14:17:05","guid":{"rendered":"https:\/\/www.integral-location.ma\/produit\/typist\/"},"modified":"2026-04-05T18:05:33","modified_gmt":"2026-04-05T18:05:33","slug":"typist","status":"publish","type":"product","link":"https:\/\/www.integral-location.ma\/en\/product\/typist\/","title":{"rendered":"Typist"},"content":{"rendered":"","protected":false},"excerpt":{"rendered":"<p>Dimensions (cm) : W65*H24*D42                <\/p>\n","protected":false},"featured_media":10493,"template":"","meta":{"_acf_changed":false},"product_cat":[352,362,364],"product_tag":[],"class_list":["post-15107","product","type-product","status-publish","has-post-thumbnail","hentry","product_cat-decoration","product_cat-era","product_cat-vintage-en"],"acf":[],"yoast_head":"<!-- This site is optimized with the Yoast SEO plugin v24.7 - https:\/\/yoast.com\/wordpress\/plugins\/seo\/ -->\n<title>Typist - Integral Solution<\/title>\n<meta name=\"robots\" content=\"index, follow, max-snippet:-1, max-image-preview:large, max-video-preview:-1\" \/>\n<link rel=\"canonical\" href=\"https:\/\/www.integral-location.ma\/product\/dactylographe\/\" \/>\n<meta property=\"og:locale\" content=\"en_US\" \/>\n<meta property=\"og:type\" content=\"article\" \/>\n<meta property=\"og:title\" content=\"Typist - Integral Solution\" \/>\n<meta property=\"og:description\" content=\"Dimensions (cm) : W65*H24*D42\" \/>\n<meta property=\"og:url\" content=\"https:\/\/www.integral-location.ma\/product\/dactylographe\/\" \/>\n<meta property=\"og:site_name\" content=\"Integral Solution\" \/>\n<meta property=\"article:publisher\" content=\"https:\/\/www.facebook.com\/integrallocation\/\" \/>\n<meta property=\"article:modified_time\" content=\"2026-04-05T18:05:33+00:00\" \/>\n<meta property=\"og:image\" content=\"https:\/\/www.integral-location.ma\/app\/uploads\/2022\/08\/DE244-1.png\" \/>\n\t<meta property=\"og:image:width\" content=\"720\" \/>\n\t<meta property=\"og:image:height\" content=\"720\" \/>\n\t<meta property=\"og:image:type\" content=\"image\/png\" \/>\n<meta name=\"twitter:card\" content=\"summary_large_image\" \/>\n<script type=\"application\/ld+json\" class=\"yoast-schema-graph\">{\"@context\":\"https:\/\/schema.org\",\"@graph\":[{\"@type\":\"WebPage\",\"@id\":\"https:\/\/www.integral-location.ma\/product\/dactylographe\/\",\"url\":\"https:\/\/www.integral-location.ma\/product\/dactylographe\/\",\"name\":\"Typist - Integral Solution\",\"isPartOf\":{\"@id\":\"https:\/\/www.integral-location.ma\/#website\"},\"primaryImageOfPage\":{\"@id\":\"https:\/\/www.integral-location.ma\/product\/dactylographe\/#primaryimage\"},\"image\":{\"@id\":\"https:\/\/www.integral-location.ma\/product\/dactylographe\/#primaryimage\"},\"thumbnailUrl\":\"https:\/\/www.integral-location.ma\/app\/uploads\/2022\/08\/DE244-1.png\",\"datePublished\":\"2024-09-23T14:17:05+00:00\",\"dateModified\":\"2026-04-05T18:05:33+00:00\",\"breadcrumb\":{\"@id\":\"https:\/\/www.integral-location.ma\/product\/dactylographe\/#breadcrumb\"},\"inLanguage\":\"en-US\",\"potentialAction\":[{\"@type\":\"ReadAction\",\"target\":[\"https:\/\/www.integral-location.ma\/product\/dactylographe\/\"]}]},{\"@type\":\"ImageObject\",\"inLanguage\":\"en-US\",\"@id\":\"https:\/\/www.integral-location.ma\/product\/dactylographe\/#primaryimage\",\"url\":\"https:\/\/www.integral-location.ma\/app\/uploads\/2022\/08\/DE244-1.png\",\"contentUrl\":\"https:\/\/www.integral-location.ma\/app\/uploads\/2022\/08\/DE244-1.png\",\"width\":720,\"height\":720},{\"@type\":\"BreadcrumbList\",\"@id\":\"https:\/\/www.integral-location.ma\/product\/dactylographe\/#breadcrumb\",\"itemListElement\":[{\"@type\":\"ListItem\",\"position\":1,\"name\":\"Home\",\"item\":\"https:\/\/www.integral-location.ma\/\"},{\"@type\":\"ListItem\",\"position\":2,\"name\":\"Catalog\",\"item\":\"https:\/\/www.integral-location.ma\/en\/catalog\/\"},{\"@type\":\"ListItem\",\"position\":3,\"name\":\"Typist\"}]},{\"@type\":\"WebSite\",\"@id\":\"https:\/\/www.integral-location.ma\/#website\",\"url\":\"https:\/\/www.integral-location.ma\/\",\"name\":\"Integral Solution\",\"description\":\"Sp\u00e9cialiste en location de mobilier &amp; de mat\u00e9riel \u00e9v\u00e9nementiel\",\"publisher\":{\"@id\":\"https:\/\/www.integral-location.ma\/#organization\"},\"potentialAction\":[{\"@type\":\"SearchAction\",\"target\":{\"@type\":\"EntryPoint\",\"urlTemplate\":\"https:\/\/www.integral-location.ma\/?s={search_term_string}\"},\"query-input\":{\"@type\":\"PropertyValueSpecification\",\"valueRequired\":true,\"valueName\":\"search_term_string\"}}],\"inLanguage\":\"en-US\"},{\"@type\":\"Organization\",\"@id\":\"https:\/\/www.integral-location.ma\/#organization\",\"name\":\"Integral Location\",\"url\":\"https:\/\/www.integral-location.ma\/\",\"logo\":{\"@type\":\"ImageObject\",\"inLanguage\":\"en-US\",\"@id\":\"https:\/\/www.integral-location.ma\/#\/schema\/logo\/image\/\",\"url\":\"https:\/\/www.integral-location.ma\/app\/uploads\/2020\/12\/logo_863d518a.svg\",\"contentUrl\":\"https:\/\/www.integral-location.ma\/app\/uploads\/2020\/12\/logo_863d518a.svg\",\"width\":170,\"height\":52,\"caption\":\"Integral Location\"},\"image\":{\"@id\":\"https:\/\/www.integral-location.ma\/#\/schema\/logo\/image\/\"},\"sameAs\":[\"https:\/\/www.facebook.com\/integrallocation\/\",\"https:\/\/www.instagram.com\/integral.solution\/\"]}]}<\/script>\n<!-- \/ Yoast SEO plugin. -->","yoast_head_json":{"title":"Typist - Integral Solution","robots":{"index":"index","follow":"follow","max-snippet":"max-snippet:-1","max-image-preview":"max-image-preview:large","max-video-preview":"max-video-preview:-1"},"canonical":"https:\/\/www.integral-location.ma\/product\/dactylographe\/","og_locale":"en_US","og_type":"article","og_title":"Typist - Integral Solution","og_description":"Dimensions (cm) : W65*H24*D42","og_url":"https:\/\/www.integral-location.ma\/product\/dactylographe\/","og_site_name":"Integral Solution","article_publisher":"https:\/\/www.facebook.com\/integrallocation\/","article_modified_time":"2026-04-05T18:05:33+00:00","og_image":[{"width":720,"height":720,"url":"https:\/\/www.integral-location.ma\/app\/uploads\/2022\/08\/DE244-1.png","type":"image\/png"}],"twitter_card":"summary_large_image","schema":{"@context":"https:\/\/schema.org","@graph":[{"@type":"WebPage","@id":"https:\/\/www.integral-location.ma\/product\/dactylographe\/","url":"https:\/\/www.integral-location.ma\/product\/dactylographe\/","name":"Typist - Integral Solution","isPartOf":{"@id":"https:\/\/www.integral-location.ma\/#website"},"primaryImageOfPage":{"@id":"https:\/\/www.integral-location.ma\/product\/dactylographe\/#primaryimage"},"image":{"@id":"https:\/\/www.integral-location.ma\/product\/dactylographe\/#primaryimage"},"thumbnailUrl":"https:\/\/www.integral-location.ma\/app\/uploads\/2022\/08\/DE244-1.png","datePublished":"2024-09-23T14:17:05+00:00","dateModified":"2026-04-05T18:05:33+00:00","breadcrumb":{"@id":"https:\/\/www.integral-location.ma\/product\/dactylographe\/#breadcrumb"},"inLanguage":"en-US","potentialAction":[{"@type":"ReadAction","target":["https:\/\/www.integral-location.ma\/product\/dactylographe\/"]}]},{"@type":"ImageObject","inLanguage":"en-US","@id":"https:\/\/www.integral-location.ma\/product\/dactylographe\/#primaryimage","url":"https:\/\/www.integral-location.ma\/app\/uploads\/2022\/08\/DE244-1.png","contentUrl":"https:\/\/www.integral-location.ma\/app\/uploads\/2022\/08\/DE244-1.png","width":720,"height":720},{"@type":"BreadcrumbList","@id":"https:\/\/www.integral-location.ma\/product\/dactylographe\/#breadcrumb","itemListElement":[{"@type":"ListItem","position":1,"name":"Home","item":"https:\/\/www.integral-location.ma\/"},{"@type":"ListItem","position":2,"name":"Catalog","item":"https:\/\/www.integral-location.ma\/en\/catalog\/"},{"@type":"ListItem","position":3,"name":"Typist"}]},{"@type":"WebSite","@id":"https:\/\/www.integral-location.ma\/#website","url":"https:\/\/www.integral-location.ma\/","name":"Integral Solution","description":"Sp\u00e9cialiste en location de mobilier &amp; de mat\u00e9riel \u00e9v\u00e9nementiel","publisher":{"@id":"https:\/\/www.integral-location.ma\/#organization"},"potentialAction":[{"@type":"SearchAction","target":{"@type":"EntryPoint","urlTemplate":"https:\/\/www.integral-location.ma\/?s={search_term_string}"},"query-input":{"@type":"PropertyValueSpecification","valueRequired":true,"valueName":"search_term_string"}}],"inLanguage":"en-US"},{"@type":"Organization","@id":"https:\/\/www.integral-location.ma\/#organization","name":"Integral Location","url":"https:\/\/www.integral-location.ma\/","logo":{"@type":"ImageObject","inLanguage":"en-US","@id":"https:\/\/www.integral-location.ma\/#\/schema\/logo\/image\/","url":"https:\/\/www.integral-location.ma\/app\/uploads\/2020\/12\/logo_863d518a.svg","contentUrl":"https:\/\/www.integral-location.ma\/app\/uploads\/2020\/12\/logo_863d518a.svg","width":170,"height":52,"caption":"Integral Location"},"image":{"@id":"https:\/\/www.integral-location.ma\/#\/schema\/logo\/image\/"},"sameAs":["https:\/\/www.facebook.com\/integrallocation\/","https:\/\/www.instagram.com\/integral.solution\/"]}]}},"_links":{"self":[{"href":"https:\/\/www.integral-location.ma\/en\/wp-json\/wp\/v2\/product\/15107","targetHints":{"allow":["GET"]}}],"collection":[{"href":"https:\/\/www.integral-location.ma\/en\/wp-json\/wp\/v2\/product"}],"about":[{"href":"https:\/\/www.integral-location.ma\/en\/wp-json\/wp\/v2\/types\/product"}],"wp:featuredmedia":[{"embeddable":true,"href":"https:\/\/www.integral-location.ma\/en\/wp-json\/wp\/v2\/media\/10493"}],"wp:attachment":[{"href":"https:\/\/www.integral-location.ma\/en\/wp-json\/wp\/v2\/media?parent=15107"}],"wp:term":[{"taxonomy":"product_cat","embeddable":true,"href":"https:\/\/www.integral-location.ma\/en\/wp-json\/wp\/v2\/product_cat?post=15107"},{"taxonomy":"product_tag","embeddable":true,"href":"https:\/\/www.integral-location.ma\/en\/wp-json\/wp\/v2\/product_tag?post=15107"}],"curies":[{"name":"wp","href":"https:\/\/api.w.org\/{rel}","templated":true}]}}