{"id":7319,"date":"2020-10-07T15:35:37","date_gmt":"2020-10-07T15:35:37","guid":{"rendered":"https:\/\/integraloc.greenshift.eu\/demontage\/"},"modified":"2024-07-24T15:11:22","modified_gmt":"2024-07-24T15:11:22","slug":"disassembly","status":"publish","type":"page","link":"https:\/\/www.integral-location.ma\/en\/disassembly\/","title":{"rendered":"Disassembly"},"content":{"rendered":"\n<p><\/p>\n\n\n\n<p>A&nbsp;la fin de la dur\u00e9e de location, nos \u00e9quipes de chantier s&#8217;occuperont aussi de tout : <strong>d\u00e9montage sur site des articles, emballage et reprise des articles.<\/strong><\/p>\n\n\n\n<p>Nous responsable commercial qui vous aura \u00e9t\u00e9 affect\u00e9e, suivra avec vous toutes les \u00e9tapes jusqu\u2019\u00e0 la reprise des articles \u00e0 la fin de la dur\u00e9e de location.<\/p>\n","protected":false},"excerpt":{"rendered":"<p>A&nbsp;la fin de la dur\u00e9e de location, nos \u00e9quipes de chantier s&#8217;occuperont aussi de tout : d\u00e9montage sur site des articles, emballage et reprise des articles. Nous responsable commercial qui vous aura \u00e9t\u00e9 affect\u00e9e, suivra avec vous toutes les \u00e9tapes jusqu\u2019\u00e0 la reprise des articles \u00e0 la fin de la dur\u00e9e de location.<\/p>\n","protected":false},"author":2,"featured_media":0,"parent":0,"menu_order":0,"comment_status":"closed","ping_status":"closed","template":"","meta":{"_acf_changed":false,"footnotes":""},"class_list":["post-7319","page","type-page","status-publish","hentry"],"acf":[],"yoast_head":"<!-- This site is optimized with the Yoast SEO plugin v24.7 - https:\/\/yoast.com\/wordpress\/plugins\/seo\/ -->\n<title>Disassembly - Integral Solution<\/title>\n<meta name=\"robots\" content=\"index, follow, max-snippet:-1, max-image-preview:large, max-video-preview:-1\" \/>\n<link rel=\"canonical\" href=\"https:\/\/www.integral-location.ma\/demontage\/\" \/>\n<meta property=\"og:locale\" content=\"en_US\" \/>\n<meta property=\"og:type\" content=\"article\" \/>\n<meta property=\"og:title\" content=\"Disassembly - Integral Solution\" \/>\n<meta property=\"og:description\" content=\"A&nbsp;la fin de la dur\u00e9e de location, nos \u00e9quipes de chantier s&#8217;occuperont aussi de tout : d\u00e9montage sur site des articles, emballage et reprise des articles. Nous responsable commercial qui vous aura \u00e9t\u00e9 affect\u00e9e, suivra avec vous toutes les \u00e9tapes jusqu\u2019\u00e0 la reprise des articles \u00e0 la fin de la dur\u00e9e de location.\" \/>\n<meta property=\"og:url\" content=\"https:\/\/www.integral-location.ma\/demontage\/\" \/>\n<meta property=\"og:site_name\" content=\"Integral Solution\" \/>\n<meta property=\"article:publisher\" content=\"https:\/\/www.facebook.com\/integrallocation\/\" \/>\n<meta property=\"article:modified_time\" content=\"2024-07-24T15:11:22+00:00\" \/>\n<meta name=\"twitter:card\" content=\"summary_large_image\" \/>\n<script type=\"application\/ld+json\" class=\"yoast-schema-graph\">{\"@context\":\"https:\/\/schema.org\",\"@graph\":[{\"@type\":\"WebPage\",\"@id\":\"https:\/\/www.integral-location.ma\/demontage\/\",\"url\":\"https:\/\/www.integral-location.ma\/demontage\/\",\"name\":\"Disassembly - Integral Solution\",\"isPartOf\":{\"@id\":\"https:\/\/www.integral-location.ma\/#website\"},\"datePublished\":\"2020-10-07T15:35:37+00:00\",\"dateModified\":\"2024-07-24T15:11:22+00:00\",\"breadcrumb\":{\"@id\":\"https:\/\/www.integral-location.ma\/demontage\/#breadcrumb\"},\"inLanguage\":\"en-US\",\"potentialAction\":[{\"@type\":\"ReadAction\",\"target\":[\"https:\/\/www.integral-location.ma\/demontage\/\"]}]},{\"@type\":\"BreadcrumbList\",\"@id\":\"https:\/\/www.integral-location.ma\/demontage\/#breadcrumb\",\"itemListElement\":[{\"@type\":\"ListItem\",\"position\":1,\"name\":\"Home\",\"item\":\"https:\/\/www.integral-location.ma\/\"},{\"@type\":\"ListItem\",\"position\":2,\"name\":\"Disassembly\"}]},{\"@type\":\"WebSite\",\"@id\":\"https:\/\/www.integral-location.ma\/#website\",\"url\":\"https:\/\/www.integral-location.ma\/\",\"name\":\"Integral Solution\",\"description\":\"Sp\u00e9cialiste en location de mobilier &amp; de mat\u00e9riel \u00e9v\u00e9nementiel\",\"publisher\":{\"@id\":\"https:\/\/www.integral-location.ma\/#organization\"},\"potentialAction\":[{\"@type\":\"SearchAction\",\"target\":{\"@type\":\"EntryPoint\",\"urlTemplate\":\"https:\/\/www.integral-location.ma\/?s={search_term_string}\"},\"query-input\":{\"@type\":\"PropertyValueSpecification\",\"valueRequired\":true,\"valueName\":\"search_term_string\"}}],\"inLanguage\":\"en-US\"},{\"@type\":\"Organization\",\"@id\":\"https:\/\/www.integral-location.ma\/#organization\",\"name\":\"Integral Location\",\"url\":\"https:\/\/www.integral-location.ma\/\",\"logo\":{\"@type\":\"ImageObject\",\"inLanguage\":\"en-US\",\"@id\":\"https:\/\/www.integral-location.ma\/#\/schema\/logo\/image\/\",\"url\":\"https:\/\/www.integral-location.ma\/app\/uploads\/2020\/12\/logo_863d518a.svg\",\"contentUrl\":\"https:\/\/www.integral-location.ma\/app\/uploads\/2020\/12\/logo_863d518a.svg\",\"width\":170,\"height\":52,\"caption\":\"Integral Location\"},\"image\":{\"@id\":\"https:\/\/www.integral-location.ma\/#\/schema\/logo\/image\/\"},\"sameAs\":[\"https:\/\/www.facebook.com\/integrallocation\/\",\"https:\/\/www.instagram.com\/integral.solution\/\"]}]}<\/script>\n<!-- \/ Yoast SEO plugin. -->","yoast_head_json":{"title":"Disassembly - Integral Solution","robots":{"index":"index","follow":"follow","max-snippet":"max-snippet:-1","max-image-preview":"max-image-preview:large","max-video-preview":"max-video-preview:-1"},"canonical":"https:\/\/www.integral-location.ma\/demontage\/","og_locale":"en_US","og_type":"article","og_title":"Disassembly - Integral Solution","og_description":"A&nbsp;la fin de la dur\u00e9e de location, nos \u00e9quipes de chantier s&#8217;occuperont aussi de tout : d\u00e9montage sur site des articles, emballage et reprise des articles. Nous responsable commercial qui vous aura \u00e9t\u00e9 affect\u00e9e, suivra avec vous toutes les \u00e9tapes jusqu\u2019\u00e0 la reprise des articles \u00e0 la fin de la dur\u00e9e de location.","og_url":"https:\/\/www.integral-location.ma\/demontage\/","og_site_name":"Integral Solution","article_publisher":"https:\/\/www.facebook.com\/integrallocation\/","article_modified_time":"2024-07-24T15:11:22+00:00","twitter_card":"summary_large_image","schema":{"@context":"https:\/\/schema.org","@graph":[{"@type":"WebPage","@id":"https:\/\/www.integral-location.ma\/demontage\/","url":"https:\/\/www.integral-location.ma\/demontage\/","name":"Disassembly - Integral Solution","isPartOf":{"@id":"https:\/\/www.integral-location.ma\/#website"},"datePublished":"2020-10-07T15:35:37+00:00","dateModified":"2024-07-24T15:11:22+00:00","breadcrumb":{"@id":"https:\/\/www.integral-location.ma\/demontage\/#breadcrumb"},"inLanguage":"en-US","potentialAction":[{"@type":"ReadAction","target":["https:\/\/www.integral-location.ma\/demontage\/"]}]},{"@type":"BreadcrumbList","@id":"https:\/\/www.integral-location.ma\/demontage\/#breadcrumb","itemListElement":[{"@type":"ListItem","position":1,"name":"Home","item":"https:\/\/www.integral-location.ma\/"},{"@type":"ListItem","position":2,"name":"Disassembly"}]},{"@type":"WebSite","@id":"https:\/\/www.integral-location.ma\/#website","url":"https:\/\/www.integral-location.ma\/","name":"Integral Solution","description":"Sp\u00e9cialiste en location de mobilier &amp; de mat\u00e9riel \u00e9v\u00e9nementiel","publisher":{"@id":"https:\/\/www.integral-location.ma\/#organization"},"potentialAction":[{"@type":"SearchAction","target":{"@type":"EntryPoint","urlTemplate":"https:\/\/www.integral-location.ma\/?s={search_term_string}"},"query-input":{"@type":"PropertyValueSpecification","valueRequired":true,"valueName":"search_term_string"}}],"inLanguage":"en-US"},{"@type":"Organization","@id":"https:\/\/www.integral-location.ma\/#organization","name":"Integral Location","url":"https:\/\/www.integral-location.ma\/","logo":{"@type":"ImageObject","inLanguage":"en-US","@id":"https:\/\/www.integral-location.ma\/#\/schema\/logo\/image\/","url":"https:\/\/www.integral-location.ma\/app\/uploads\/2020\/12\/logo_863d518a.svg","contentUrl":"https:\/\/www.integral-location.ma\/app\/uploads\/2020\/12\/logo_863d518a.svg","width":170,"height":52,"caption":"Integral Location"},"image":{"@id":"https:\/\/www.integral-location.ma\/#\/schema\/logo\/image\/"},"sameAs":["https:\/\/www.facebook.com\/integrallocation\/","https:\/\/www.instagram.com\/integral.solution\/"]}]}},"_links":{"self":[{"href":"https:\/\/www.integral-location.ma\/en\/wp-json\/wp\/v2\/pages\/7319","targetHints":{"allow":["GET"]}}],"collection":[{"href":"https:\/\/www.integral-location.ma\/en\/wp-json\/wp\/v2\/pages"}],"about":[{"href":"https:\/\/www.integral-location.ma\/en\/wp-json\/wp\/v2\/types\/page"}],"author":[{"embeddable":true,"href":"https:\/\/www.integral-location.ma\/en\/wp-json\/wp\/v2\/users\/2"}],"replies":[{"embeddable":true,"href":"https:\/\/www.integral-location.ma\/en\/wp-json\/wp\/v2\/comments?post=7319"}],"version-history":[{"count":1,"href":"https:\/\/www.integral-location.ma\/en\/wp-json\/wp\/v2\/pages\/7319\/revisions"}],"predecessor-version":[{"id":14100,"href":"https:\/\/www.integral-location.ma\/en\/wp-json\/wp\/v2\/pages\/7319\/revisions\/14100"}],"wp:attachment":[{"href":"https:\/\/www.integral-location.ma\/en\/wp-json\/wp\/v2\/media?parent=7319"}],"curies":[{"name":"wp","href":"https:\/\/api.w.org\/{rel}","templated":true}]}}