{"id":14105,"date":"2024-07-24T15:22:20","date_gmt":"2024-07-24T15:22:20","guid":{"rendered":"https:\/\/www.integral-location.ma\/delivery-everywhere-in-morocco\/"},"modified":"2024-10-31T09:15:01","modified_gmt":"2024-10-31T09:15:01","slug":"delivery-everywhere-in-morocco","status":"publish","type":"page","link":"https:\/\/www.integral-location.ma\/en\/delivery-everywhere-in-morocco\/","title":{"rendered":"Rent for a period and pay the same price"},"content":{"rendered":"\n<div style=\"height:33px\" aria-hidden=\"true\" class=\"wp-block-spacer\"><\/div>\n\n\n\n<p class=\"text-justify is-style-default\">Integral Solution allows you to pay a fixed price according to the duration of your rental.<\/p>\n\n\n\n<p class=\"text-justify is-style-default\">Each rental period corresponds to a level, which corresponds to a fixed price!<\/p>\n\n\n\n<div style=\"height:20px\" aria-hidden=\"true\" class=\"wp-block-spacer\"><\/div>\n\n\n\n<h4 class=\"wp-block-heading\"><span style=\"color:#0158aa\" class=\"has-inline-color\">For Example<\/span><\/h4>\n\n\n\n<div style=\"height:11px\" aria-hidden=\"true\" class=\"wp-block-spacer\"><\/div>\n\n\n\n<p class=\"text-justify is-style-default\"><strong>Level 1 : 1 to 2 days <\/strong>: Whether you&nbsp;rent&nbsp;for 1 or 2 days, the price you pay will remain the same.<\/p>\n\n\n\n<p class=\"text-justify is-style-default\"><strong>Level\u00a02: Price for 3 days<\/strong><\/p>\n\n\n\n<p class=\"text-justify is-style-default\"><strong>Level<\/strong> <strong>3 : from 4 to 5 days<\/strong> : Whether you&nbsp;rent&nbsp;for 4 or 5 days, the price you pay will remain the same.<\/p>\n\n\n\n<p class=\"text-justify is-style-default\"><strong>Level 4 : 6 to 9 days <\/strong>: Whether you rent for 6, 7, 8 or 9 days, the price you pay will remain the same.<\/p>\n\n\n\n<p class=\"text-justify is-style-default\"><strong>Level 5 : 10 to 15 days <\/strong>: Whether you rent for 10, 11, 12, 13, 14 or 15 days, the price you pay will remain the same<span style=\"color:#0158aa\" class=\"has-inline-color\"><\/span><\/p>\n\n\n\n<p><\/p>\n","protected":false},"excerpt":{"rendered":"<p>Integral Solution allows you to pay a fixed price according to the duration of your rental. Each rental period corresponds to a level, which corresponds to a fixed price! For Example Level 1 : 1 to 2 days : Whether you&nbsp;rent&nbsp;for 1 or 2 days, the price you pay will remain the same. Level\u00a02: Price &hellip; <a href=\"https:\/\/www.integral-location.ma\/en\/delivery-everywhere-in-morocco\/\">Continued<\/a><\/p>\n","protected":false},"author":2,"featured_media":0,"parent":0,"menu_order":0,"comment_status":"closed","ping_status":"closed","template":"","meta":{"_acf_changed":false,"footnotes":""},"class_list":["post-14105","page","type-page","status-publish","hentry"],"acf":[],"yoast_head":"<!-- This site is optimized with the Yoast SEO plugin v24.7 - https:\/\/yoast.com\/wordpress\/plugins\/seo\/ -->\n<title>Rent for a period and pay the same price - Integral Solution<\/title>\n<meta name=\"robots\" content=\"index, follow, max-snippet:-1, max-image-preview:large, max-video-preview:-1\" \/>\n<link rel=\"canonical\" href=\"https:\/\/www.integral-location.ma\/en\/delivery-everywhere-in-morocco\/\" \/>\n<meta property=\"og:locale\" content=\"en_US\" \/>\n<meta property=\"og:type\" content=\"article\" \/>\n<meta property=\"og:title\" content=\"Rent for a period and pay the same price - Integral Solution\" \/>\n<meta property=\"og:description\" content=\"Integral Solution allows you to pay a fixed price according to the duration of your rental. Each rental period corresponds to a level, which corresponds to a fixed price! For Example Level 1 : 1 to 2 days : Whether you&nbsp;rent&nbsp;for 1 or 2 days, the price you pay will remain the same. Level\u00a02: Price &hellip; Continued\" \/>\n<meta property=\"og:url\" content=\"https:\/\/www.integral-location.ma\/en\/delivery-everywhere-in-morocco\/\" \/>\n<meta property=\"og:site_name\" content=\"Integral Solution\" \/>\n<meta property=\"article:publisher\" content=\"https:\/\/www.facebook.com\/integrallocation\/\" \/>\n<meta property=\"article:modified_time\" content=\"2024-10-31T09:15:01+00:00\" \/>\n<meta name=\"twitter:card\" content=\"summary_large_image\" \/>\n<meta name=\"twitter:label1\" content=\"Est. reading time\" \/>\n\t<meta name=\"twitter:data1\" content=\"1 minute\" \/>\n<script type=\"application\/ld+json\" class=\"yoast-schema-graph\">{\"@context\":\"https:\/\/schema.org\",\"@graph\":[{\"@type\":\"WebPage\",\"@id\":\"https:\/\/www.integral-location.ma\/en\/delivery-everywhere-in-morocco\/\",\"url\":\"https:\/\/www.integral-location.ma\/en\/delivery-everywhere-in-morocco\/\",\"name\":\"Rent for a period and pay the same price - Integral Solution\",\"isPartOf\":{\"@id\":\"https:\/\/www.integral-location.ma\/#website\"},\"datePublished\":\"2024-07-24T15:22:20+00:00\",\"dateModified\":\"2024-10-31T09:15:01+00:00\",\"breadcrumb\":{\"@id\":\"https:\/\/www.integral-location.ma\/en\/delivery-everywhere-in-morocco\/#breadcrumb\"},\"inLanguage\":\"en-US\",\"potentialAction\":[{\"@type\":\"ReadAction\",\"target\":[\"https:\/\/www.integral-location.ma\/en\/delivery-everywhere-in-morocco\/\"]}]},{\"@type\":\"BreadcrumbList\",\"@id\":\"https:\/\/www.integral-location.ma\/en\/delivery-everywhere-in-morocco\/#breadcrumb\",\"itemListElement\":[{\"@type\":\"ListItem\",\"position\":1,\"name\":\"Home\",\"item\":\"https:\/\/www.integral-location.ma\/\"},{\"@type\":\"ListItem\",\"position\":2,\"name\":\"Rent for a period and pay the same price\"}]},{\"@type\":\"WebSite\",\"@id\":\"https:\/\/www.integral-location.ma\/#website\",\"url\":\"https:\/\/www.integral-location.ma\/\",\"name\":\"Integral Solution\",\"description\":\"Sp\u00e9cialiste en location de mobilier &amp; de mat\u00e9riel \u00e9v\u00e9nementiel\",\"publisher\":{\"@id\":\"https:\/\/www.integral-location.ma\/#organization\"},\"potentialAction\":[{\"@type\":\"SearchAction\",\"target\":{\"@type\":\"EntryPoint\",\"urlTemplate\":\"https:\/\/www.integral-location.ma\/?s={search_term_string}\"},\"query-input\":{\"@type\":\"PropertyValueSpecification\",\"valueRequired\":true,\"valueName\":\"search_term_string\"}}],\"inLanguage\":\"en-US\"},{\"@type\":\"Organization\",\"@id\":\"https:\/\/www.integral-location.ma\/#organization\",\"name\":\"Integral Location\",\"url\":\"https:\/\/www.integral-location.ma\/\",\"logo\":{\"@type\":\"ImageObject\",\"inLanguage\":\"en-US\",\"@id\":\"https:\/\/www.integral-location.ma\/#\/schema\/logo\/image\/\",\"url\":\"https:\/\/www.integral-location.ma\/app\/uploads\/2020\/12\/logo_863d518a.svg\",\"contentUrl\":\"https:\/\/www.integral-location.ma\/app\/uploads\/2020\/12\/logo_863d518a.svg\",\"width\":170,\"height\":52,\"caption\":\"Integral Location\"},\"image\":{\"@id\":\"https:\/\/www.integral-location.ma\/#\/schema\/logo\/image\/\"},\"sameAs\":[\"https:\/\/www.facebook.com\/integrallocation\/\",\"https:\/\/www.instagram.com\/integral.solution\/\"]}]}<\/script>\n<!-- \/ Yoast SEO plugin. -->","yoast_head_json":{"title":"Rent for a period and pay the same price - Integral Solution","robots":{"index":"index","follow":"follow","max-snippet":"max-snippet:-1","max-image-preview":"max-image-preview:large","max-video-preview":"max-video-preview:-1"},"canonical":"https:\/\/www.integral-location.ma\/en\/delivery-everywhere-in-morocco\/","og_locale":"en_US","og_type":"article","og_title":"Rent for a period and pay the same price - Integral Solution","og_description":"Integral Solution allows you to pay a fixed price according to the duration of your rental. Each rental period corresponds to a level, which corresponds to a fixed price! For Example Level 1 : 1 to 2 days : Whether you&nbsp;rent&nbsp;for 1 or 2 days, the price you pay will remain the same. Level\u00a02: Price &hellip; Continued","og_url":"https:\/\/www.integral-location.ma\/en\/delivery-everywhere-in-morocco\/","og_site_name":"Integral Solution","article_publisher":"https:\/\/www.facebook.com\/integrallocation\/","article_modified_time":"2024-10-31T09:15:01+00:00","twitter_card":"summary_large_image","twitter_misc":{"Est. reading time":"1 minute"},"schema":{"@context":"https:\/\/schema.org","@graph":[{"@type":"WebPage","@id":"https:\/\/www.integral-location.ma\/en\/delivery-everywhere-in-morocco\/","url":"https:\/\/www.integral-location.ma\/en\/delivery-everywhere-in-morocco\/","name":"Rent for a period and pay the same price - Integral Solution","isPartOf":{"@id":"https:\/\/www.integral-location.ma\/#website"},"datePublished":"2024-07-24T15:22:20+00:00","dateModified":"2024-10-31T09:15:01+00:00","breadcrumb":{"@id":"https:\/\/www.integral-location.ma\/en\/delivery-everywhere-in-morocco\/#breadcrumb"},"inLanguage":"en-US","potentialAction":[{"@type":"ReadAction","target":["https:\/\/www.integral-location.ma\/en\/delivery-everywhere-in-morocco\/"]}]},{"@type":"BreadcrumbList","@id":"https:\/\/www.integral-location.ma\/en\/delivery-everywhere-in-morocco\/#breadcrumb","itemListElement":[{"@type":"ListItem","position":1,"name":"Home","item":"https:\/\/www.integral-location.ma\/"},{"@type":"ListItem","position":2,"name":"Rent for a period and pay the same price"}]},{"@type":"WebSite","@id":"https:\/\/www.integral-location.ma\/#website","url":"https:\/\/www.integral-location.ma\/","name":"Integral Solution","description":"Sp\u00e9cialiste en location de mobilier &amp; de mat\u00e9riel \u00e9v\u00e9nementiel","publisher":{"@id":"https:\/\/www.integral-location.ma\/#organization"},"potentialAction":[{"@type":"SearchAction","target":{"@type":"EntryPoint","urlTemplate":"https:\/\/www.integral-location.ma\/?s={search_term_string}"},"query-input":{"@type":"PropertyValueSpecification","valueRequired":true,"valueName":"search_term_string"}}],"inLanguage":"en-US"},{"@type":"Organization","@id":"https:\/\/www.integral-location.ma\/#organization","name":"Integral Location","url":"https:\/\/www.integral-location.ma\/","logo":{"@type":"ImageObject","inLanguage":"en-US","@id":"https:\/\/www.integral-location.ma\/#\/schema\/logo\/image\/","url":"https:\/\/www.integral-location.ma\/app\/uploads\/2020\/12\/logo_863d518a.svg","contentUrl":"https:\/\/www.integral-location.ma\/app\/uploads\/2020\/12\/logo_863d518a.svg","width":170,"height":52,"caption":"Integral Location"},"image":{"@id":"https:\/\/www.integral-location.ma\/#\/schema\/logo\/image\/"},"sameAs":["https:\/\/www.facebook.com\/integrallocation\/","https:\/\/www.instagram.com\/integral.solution\/"]}]}},"_links":{"self":[{"href":"https:\/\/www.integral-location.ma\/en\/wp-json\/wp\/v2\/pages\/14105","targetHints":{"allow":["GET"]}}],"collection":[{"href":"https:\/\/www.integral-location.ma\/en\/wp-json\/wp\/v2\/pages"}],"about":[{"href":"https:\/\/www.integral-location.ma\/en\/wp-json\/wp\/v2\/types\/page"}],"author":[{"embeddable":true,"href":"https:\/\/www.integral-location.ma\/en\/wp-json\/wp\/v2\/users\/2"}],"replies":[{"embeddable":true,"href":"https:\/\/www.integral-location.ma\/en\/wp-json\/wp\/v2\/comments?post=14105"}],"version-history":[{"count":15,"href":"https:\/\/www.integral-location.ma\/en\/wp-json\/wp\/v2\/pages\/14105\/revisions"}],"predecessor-version":[{"id":16445,"href":"https:\/\/www.integral-location.ma\/en\/wp-json\/wp\/v2\/pages\/14105\/revisions\/16445"}],"wp:attachment":[{"href":"https:\/\/www.integral-location.ma\/en\/wp-json\/wp\/v2\/media?parent=14105"}],"curies":[{"name":"wp","href":"https:\/\/api.w.org\/{rel}","templated":true}]}}