{"id":14101,"date":"2024-07-24T15:13:26","date_gmt":"2024-07-24T15:13:26","guid":{"rendered":"https:\/\/www.integral-location.ma\/assembly\/"},"modified":"2024-07-24T15:13:53","modified_gmt":"2024-07-24T15:13:53","slug":"assembly","status":"publish","type":"page","link":"https:\/\/www.integral-location.ma\/en\/assembly\/","title":{"rendered":"Assembly"},"content":{"rendered":"\n<p class=\"text-justify\">Handling and transportation have been areas of expertise for Integral Solution for many years.<\/p>\n\n\n\n<p class=\"text-justify\">Our delivery teams take care of everything once they arrive on site: handling, unpacking the ordered goods, and setting them up in the room(s) of your choice.<\/p>\n\n\n\n<p class=\"text-justify\">They come with the necessary equipment and leave with the packaging of the various assembled items.<\/p>\n\n\n\n<p class=\"text-justify\">For technical equipment, our specialized teams remain on site with you permanently throughout the rental period to ensure that the equipment is functioning properly.<\/p>\n","protected":false},"excerpt":{"rendered":"<p>Handling and transportation have been areas of expertise for Integral Solution for many years. Our delivery teams take care of everything once they arrive on site: handling, unpacking the ordered goods, and setting them up in the room(s) of your choice. They come with the necessary equipment and leave with the packaging of the various &hellip; <a href=\"https:\/\/www.integral-location.ma\/en\/assembly\/\">Continued<\/a><\/p>\n","protected":false},"author":2,"featured_media":0,"parent":0,"menu_order":0,"comment_status":"closed","ping_status":"closed","template":"","meta":{"_acf_changed":false,"footnotes":""},"class_list":["post-14101","page","type-page","status-publish","hentry"],"acf":[],"yoast_head":"<!-- This site is optimized with the Yoast SEO plugin v24.7 - https:\/\/yoast.com\/wordpress\/plugins\/seo\/ -->\n<title>Assembly - Integral Solution<\/title>\n<meta name=\"robots\" content=\"index, follow, max-snippet:-1, max-image-preview:large, max-video-preview:-1\" \/>\n<link rel=\"canonical\" href=\"https:\/\/www.integral-location.ma\/montage\/\" \/>\n<meta property=\"og:locale\" content=\"en_US\" \/>\n<meta property=\"og:type\" content=\"article\" \/>\n<meta property=\"og:title\" content=\"Assembly - Integral Solution\" \/>\n<meta property=\"og:description\" content=\"Handling and transportation have been areas of expertise for Integral Solution for many years. Our delivery teams take care of everything once they arrive on site: handling, unpacking the ordered goods, and setting them up in the room(s) of your choice. They come with the necessary equipment and leave with the packaging of the various &hellip; Continued\" \/>\n<meta property=\"og:url\" content=\"https:\/\/www.integral-location.ma\/montage\/\" \/>\n<meta property=\"og:site_name\" content=\"Integral Solution\" \/>\n<meta property=\"article:publisher\" content=\"https:\/\/www.facebook.com\/integrallocation\/\" \/>\n<meta property=\"article:modified_time\" content=\"2024-07-24T15:13:53+00:00\" \/>\n<meta name=\"twitter:card\" content=\"summary_large_image\" \/>\n<script type=\"application\/ld+json\" class=\"yoast-schema-graph\">{\"@context\":\"https:\/\/schema.org\",\"@graph\":[{\"@type\":\"WebPage\",\"@id\":\"https:\/\/www.integral-location.ma\/montage\/\",\"url\":\"https:\/\/www.integral-location.ma\/montage\/\",\"name\":\"Assembly - Integral Solution\",\"isPartOf\":{\"@id\":\"https:\/\/www.integral-location.ma\/#website\"},\"datePublished\":\"2024-07-24T15:13:26+00:00\",\"dateModified\":\"2024-07-24T15:13:53+00:00\",\"breadcrumb\":{\"@id\":\"https:\/\/www.integral-location.ma\/montage\/#breadcrumb\"},\"inLanguage\":\"en-US\",\"potentialAction\":[{\"@type\":\"ReadAction\",\"target\":[\"https:\/\/www.integral-location.ma\/montage\/\"]}]},{\"@type\":\"BreadcrumbList\",\"@id\":\"https:\/\/www.integral-location.ma\/montage\/#breadcrumb\",\"itemListElement\":[{\"@type\":\"ListItem\",\"position\":1,\"name\":\"Home\",\"item\":\"https:\/\/www.integral-location.ma\/\"},{\"@type\":\"ListItem\",\"position\":2,\"name\":\"Assembly\"}]},{\"@type\":\"WebSite\",\"@id\":\"https:\/\/www.integral-location.ma\/#website\",\"url\":\"https:\/\/www.integral-location.ma\/\",\"name\":\"Integral Solution\",\"description\":\"Sp\u00e9cialiste en location de mobilier &amp; de mat\u00e9riel \u00e9v\u00e9nementiel\",\"publisher\":{\"@id\":\"https:\/\/www.integral-location.ma\/#organization\"},\"potentialAction\":[{\"@type\":\"SearchAction\",\"target\":{\"@type\":\"EntryPoint\",\"urlTemplate\":\"https:\/\/www.integral-location.ma\/?s={search_term_string}\"},\"query-input\":{\"@type\":\"PropertyValueSpecification\",\"valueRequired\":true,\"valueName\":\"search_term_string\"}}],\"inLanguage\":\"en-US\"},{\"@type\":\"Organization\",\"@id\":\"https:\/\/www.integral-location.ma\/#organization\",\"name\":\"Integral Location\",\"url\":\"https:\/\/www.integral-location.ma\/\",\"logo\":{\"@type\":\"ImageObject\",\"inLanguage\":\"en-US\",\"@id\":\"https:\/\/www.integral-location.ma\/#\/schema\/logo\/image\/\",\"url\":\"https:\/\/www.integral-location.ma\/app\/uploads\/2020\/12\/logo_863d518a.svg\",\"contentUrl\":\"https:\/\/www.integral-location.ma\/app\/uploads\/2020\/12\/logo_863d518a.svg\",\"width\":170,\"height\":52,\"caption\":\"Integral Location\"},\"image\":{\"@id\":\"https:\/\/www.integral-location.ma\/#\/schema\/logo\/image\/\"},\"sameAs\":[\"https:\/\/www.facebook.com\/integrallocation\/\",\"https:\/\/www.instagram.com\/integral.solution\/\"]}]}<\/script>\n<!-- \/ Yoast SEO plugin. -->","yoast_head_json":{"title":"Assembly - Integral Solution","robots":{"index":"index","follow":"follow","max-snippet":"max-snippet:-1","max-image-preview":"max-image-preview:large","max-video-preview":"max-video-preview:-1"},"canonical":"https:\/\/www.integral-location.ma\/montage\/","og_locale":"en_US","og_type":"article","og_title":"Assembly - Integral Solution","og_description":"Handling and transportation have been areas of expertise for Integral Solution for many years. Our delivery teams take care of everything once they arrive on site: handling, unpacking the ordered goods, and setting them up in the room(s) of your choice. They come with the necessary equipment and leave with the packaging of the various &hellip; Continued","og_url":"https:\/\/www.integral-location.ma\/montage\/","og_site_name":"Integral Solution","article_publisher":"https:\/\/www.facebook.com\/integrallocation\/","article_modified_time":"2024-07-24T15:13:53+00:00","twitter_card":"summary_large_image","schema":{"@context":"https:\/\/schema.org","@graph":[{"@type":"WebPage","@id":"https:\/\/www.integral-location.ma\/montage\/","url":"https:\/\/www.integral-location.ma\/montage\/","name":"Assembly - Integral Solution","isPartOf":{"@id":"https:\/\/www.integral-location.ma\/#website"},"datePublished":"2024-07-24T15:13:26+00:00","dateModified":"2024-07-24T15:13:53+00:00","breadcrumb":{"@id":"https:\/\/www.integral-location.ma\/montage\/#breadcrumb"},"inLanguage":"en-US","potentialAction":[{"@type":"ReadAction","target":["https:\/\/www.integral-location.ma\/montage\/"]}]},{"@type":"BreadcrumbList","@id":"https:\/\/www.integral-location.ma\/montage\/#breadcrumb","itemListElement":[{"@type":"ListItem","position":1,"name":"Home","item":"https:\/\/www.integral-location.ma\/"},{"@type":"ListItem","position":2,"name":"Assembly"}]},{"@type":"WebSite","@id":"https:\/\/www.integral-location.ma\/#website","url":"https:\/\/www.integral-location.ma\/","name":"Integral Solution","description":"Sp\u00e9cialiste en location de mobilier &amp; de mat\u00e9riel \u00e9v\u00e9nementiel","publisher":{"@id":"https:\/\/www.integral-location.ma\/#organization"},"potentialAction":[{"@type":"SearchAction","target":{"@type":"EntryPoint","urlTemplate":"https:\/\/www.integral-location.ma\/?s={search_term_string}"},"query-input":{"@type":"PropertyValueSpecification","valueRequired":true,"valueName":"search_term_string"}}],"inLanguage":"en-US"},{"@type":"Organization","@id":"https:\/\/www.integral-location.ma\/#organization","name":"Integral Location","url":"https:\/\/www.integral-location.ma\/","logo":{"@type":"ImageObject","inLanguage":"en-US","@id":"https:\/\/www.integral-location.ma\/#\/schema\/logo\/image\/","url":"https:\/\/www.integral-location.ma\/app\/uploads\/2020\/12\/logo_863d518a.svg","contentUrl":"https:\/\/www.integral-location.ma\/app\/uploads\/2020\/12\/logo_863d518a.svg","width":170,"height":52,"caption":"Integral Location"},"image":{"@id":"https:\/\/www.integral-location.ma\/#\/schema\/logo\/image\/"},"sameAs":["https:\/\/www.facebook.com\/integrallocation\/","https:\/\/www.instagram.com\/integral.solution\/"]}]}},"_links":{"self":[{"href":"https:\/\/www.integral-location.ma\/en\/wp-json\/wp\/v2\/pages\/14101","targetHints":{"allow":["GET"]}}],"collection":[{"href":"https:\/\/www.integral-location.ma\/en\/wp-json\/wp\/v2\/pages"}],"about":[{"href":"https:\/\/www.integral-location.ma\/en\/wp-json\/wp\/v2\/types\/page"}],"author":[{"embeddable":true,"href":"https:\/\/www.integral-location.ma\/en\/wp-json\/wp\/v2\/users\/2"}],"replies":[{"embeddable":true,"href":"https:\/\/www.integral-location.ma\/en\/wp-json\/wp\/v2\/comments?post=14101"}],"version-history":[{"count":1,"href":"https:\/\/www.integral-location.ma\/en\/wp-json\/wp\/v2\/pages\/14101\/revisions"}],"predecessor-version":[{"id":14102,"href":"https:\/\/www.integral-location.ma\/en\/wp-json\/wp\/v2\/pages\/14101\/revisions\/14102"}],"wp:attachment":[{"href":"https:\/\/www.integral-location.ma\/en\/wp-json\/wp\/v2\/media?parent=14101"}],"curies":[{"name":"wp","href":"https:\/\/api.w.org\/{rel}","templated":true}]}}