{"id":14045,"date":"2024-07-18T12:15:27","date_gmt":"2024-07-18T12:15:27","guid":{"rendered":"https:\/\/www.integral-location.ma\/who-we-are\/"},"modified":"2024-09-02T14:27:02","modified_gmt":"2024-09-02T14:27:02","slug":"who-we-are","status":"publish","type":"page","link":"https:\/\/www.integral-location.ma\/en\/who-we-are\/","title":{"rendered":"Who we are?"},"content":{"rendered":"\n<div style=\"height:50px\" aria-hidden=\"true\" class=\"wp-block-spacer\"><\/div>\n\n\n\n<p class=\"has-text-align-left text-justify is-style-default\"><strong>Integral Solution<\/strong> offers a wide range of services grouped into four categories: <span class=\"has-inline-color\" style=\"color: #0158aa;\"><strong>Furniture Rental, Accessories &amp; Decoration, Media &amp; Screens (Video\/Sound\/Light), Marquees, Tents, Stands, Temporary Containers, Mobile Displays<\/strong><\/span>.<\/p>\n\n\n\n<div style=\"height:20px\" aria-hidden=\"true\" class=\"wp-block-spacer\"><\/div>\n\n\n\n<div class=\"wp-block-group is-layout-flow wp-block-group-is-layout-flow\">\n<p class=\"text-justify\">With exceptional references, our catalog integrates a dynamic with design products to meet current trends.<\/p>\n\n\n\n<div style=\"height:20px\" aria-hidden=\"true\" class=\"wp-block-spacer\"><\/div>\n\n\n\n<p class=\"text-justify\">Our product lines reflect a very high demand for quality and service. High-quality, aesthetic, and functional products. A wide range of collections, all trendy and frequently renewed.<\/p>\n<\/div>\n\n\n\n<div style=\"height:20px\" aria-hidden=\"true\" class=\"wp-block-spacer\"><\/div>\n\n\n\n<div style=\"height:20px\" aria-hidden=\"true\" class=\"wp-block-spacer\"><\/div>\n\n\n\n<p class=\"text-justify\"><strong>Our 1000 references <\/strong>will allow you to make your private and professional events a success: conferences, seminars, stands, trade shows, conventions, weddings, and receptions.<\/p>\n\n\n\n<div style=\"height:100px\" aria-hidden=\"true\" class=\"wp-block-spacer\"><\/div>\n\n\n\n<h3 class=\"wp-block-heading\"><span class=\"has-inline-color\" style=\"color: #0158aa;\">Furniture, Accessories &amp; Decoration<\/span><\/h3>\n\n\n\n<p class=\"text-justify\"><span class=\"has-inline-color has-dark-color\">From furniture, accessories, decorative items to articles of various uses, Int\u00e9gral solution will meet all your short and long term rental needs.<\/span><\/p>\n\n\n\n<div style=\"height:80px\" aria-hidden=\"true\" class=\"wp-block-spacer\"><\/div>\n\n\n\n<h3 class=\"wp-block-heading\"><span class=\"has-inline-color\" style=\"color: #0158aa;\">Media &amp; Screens (Technical Equipment: Video\/Sound\/Light)<\/span><\/h3>\n\n\n\n<p class=\"text-justify\"><span class=\"has-inline-color has-dark-color\"> Are you organizing an event and need high-end audiovisual equipment to highlight your project? Do you want to benefit from a \u201cturnkey\u201d technical solution without having to worry about the delivery of audiovisual equipment, its assembly, its dismantling or the handling of possible technical needs on site? Integral Solution has a large choice of technical equipment: flat screens, giant screens, sound equipment, conference equipment, lighting, etc.<\/span><\/p>\n\n\n\n<div style=\"height:80px\" aria-hidden=\"true\" class=\"wp-block-spacer\"><\/div>\n\n\n\n<h3 class=\"wp-block-heading\"><span class=\"has-inline-color\" style=\"color: #0158aa;\">Marquees, Tents &amp; Structures<\/span><\/h3>\n\n\n\n<p class=\"text-justify\"><span class=\"has-inline-color has-dark-color\">Integral Solution is attuned to your project and your needs, offering you a wide selection of marquees, tents, and structures, from traditional marquees to the most modern with tent rentals. Many options are also available for your marquee and tent rentals: plain canvas, glass walls&#8230; Our team is at your disposal to meet all your expectations for the organization of your receptions, weddings, shows, fairs, sporting and cultural events&#8230;<\/span><\/p>\n\n\n\n<div style=\"height:80px\" aria-hidden=\"true\" class=\"wp-block-spacer\"><\/div>\n\n\n\n<h3 class=\"wp-block-heading\"><span class=\"has-inline-color\" style=\"color: #0158aa;\">Stands<\/span><\/h3>\n\n\n\n<p class=\"text-justify\"><span class=\"has-inline-color has-dark-color\">We provide our clients with the best turnkey exhibition stand rental solutions.<\/span>.<\/p>\n\n\n\n<div style=\"height:80px\" aria-hidden=\"true\" class=\"wp-block-spacer\"><\/div>\n\n\n\n<h3 class=\"wp-block-heading\"><span class=\"has-inline-color\" style=\"color: #0158aa;\">Emob-container<\/span><\/h3>\n\n\n\n<p class=\"text-justify\"><span class=\"has-inline-color has-dark-color\">With our container, we offer you a quality event solution. Take advantage of an innovative product with easy logistics and high-quality finishes. Create your space with our containers, an infinite number of combinations are available to you: mezzanine, stairs\u2026<\/span><\/p>\n\n\n\n<div style=\"height:80px\" aria-hidden=\"true\" class=\"wp-block-spacer\"><\/div>\n\n\n\n<h3 class=\"wp-block-heading\"><span class=\"has-inline-color\" style=\"color: #0158aa;\">Mobile display<\/span><\/h3>\n\n\n\n<p class=\"text-justify\"><span class=\"has-inline-color has-dark-color\">Leveraging public spaces to promote an event, product, or brand, Integral Solution helps you make the right decisions by offering you marketing solutions for mobile signage &#8220;MOBICOM&#8221;. Original and truly event-driven, MOBICOM provides you with tools adapted to your communication needs: leaflets or different original forms of signage, urban furniture, a fleet of 100% ecological mobile signage vehicles. Unique urban visibility tools, expertise in locations and mastery of the field.<\/p>\n\n\n\n<div style=\"height:20px\" aria-hidden=\"true\" class=\"wp-block-spacer\"><\/div>\n\n\n\n<hr class=\"wp-block-separator has-css-opacity is-style-wide\"\/>\n\n\n\n<div style=\"height:20px\" aria-hidden=\"true\" class=\"wp-block-spacer\"><\/div>\n\n\n\n<p class=\"has-text-align-center text-justify\">Our team takes care of the advice, delivery, installation (assembly) and collection of the equipment for you.<\/p>\n\n\n\n<p class=\"has-text-align-center text-justify\"><strong>INTEGRAL SOLUTION<\/strong> delivers to you anywhere in Morocco. Our delivery times will always adapt to your availability.<\/p>\n\n\n\n<p class=\"has-text-align-center text-justify\">We have implemented quality control tools. The quality of service provided to our customers comes both from an impeccable logistical approach and from monitoring the state of our stock.<\/p>\n\n\n\n<div style=\"height:20px\" aria-hidden=\"true\" class=\"wp-block-spacer\"><\/div>\n\n\n\n<hr class=\"wp-block-separator has-css-opacity is-style-wide\"\/>\n\n\n\n<div style=\"height:20px\" aria-hidden=\"true\" class=\"wp-block-spacer\"><\/div>\n\n\n\n<p class=\"has-text-align-center has-medium-font-size\"><strong><span class=\"has-inline-color has-dark-color\">For any specific request, our sales team will be there to assist you:<\/span><\/strong><\/p>\n\n\n\n<p class=\"has-text-align-center has-medium-font-size\"><strong><span class=\"has-inline-color has-dark-color\">Phone: <\/span><\/strong><br><strong>+212.6.70.78.59.75<\/strong><br><strong><span class=\"has-inline-color has-dark-color\">+212.6.68.36.69.84<\/span><\/strong><\/p>\n\n\n\n<p class=\"has-text-align-center has-medium-font-size\"><strong><span class=\"has-inline-color has-dark-color\">Email : m.benkirane@parthenon.ma<\/span><\/strong> \/ <strong><span class=\"has-inline-color has-dark-color\">g.bentires@parthenon.ma<\/span> \/ z.ibnelfarouk@parthenon.ma <\/strong><\/p>\n","protected":false},"excerpt":{"rendered":"<p>Integral Solution offers a wide range of services grouped into four categories: Furniture Rental, Accessories &amp; Decoration, Media &amp; Screens (Video\/Sound\/Light), Marquees, Tents, Stands, Temporary Containers, Mobile Displays. With exceptional references, our catalog integrates a dynamic with design products to meet current trends. Our product lines reflect a very high demand for quality and service. &hellip; <a href=\"https:\/\/www.integral-location.ma\/en\/who-we-are\/\">Continued<\/a><\/p>\n","protected":false},"author":2,"featured_media":0,"parent":0,"menu_order":0,"comment_status":"closed","ping_status":"closed","template":"","meta":{"_acf_changed":false,"footnotes":""},"class_list":["post-14045","page","type-page","status-publish","hentry"],"acf":[],"yoast_head":"<!-- This site is optimized with the Yoast SEO plugin v24.7 - https:\/\/yoast.com\/wordpress\/plugins\/seo\/ -->\n<title>Who we are? - Integral Solution<\/title>\n<meta name=\"robots\" content=\"index, follow, max-snippet:-1, max-image-preview:large, max-video-preview:-1\" \/>\n<link rel=\"canonical\" href=\"https:\/\/www.integral-location.ma\/en\/who-we-are\/\" \/>\n<meta property=\"og:locale\" content=\"en_US\" \/>\n<meta property=\"og:type\" content=\"article\" \/>\n<meta property=\"og:title\" content=\"Who we are? - Integral Solution\" \/>\n<meta property=\"og:description\" content=\"Integral Solution offers a wide range of services grouped into four categories: Furniture Rental, Accessories &amp; Decoration, Media &amp; Screens (Video\/Sound\/Light), Marquees, Tents, Stands, Temporary Containers, Mobile Displays. With exceptional references, our catalog integrates a dynamic with design products to meet current trends. Our product lines reflect a very high demand for quality and service. &hellip; Continued\" \/>\n<meta property=\"og:url\" content=\"https:\/\/www.integral-location.ma\/en\/who-we-are\/\" \/>\n<meta property=\"og:site_name\" content=\"Integral Solution\" \/>\n<meta property=\"article:publisher\" content=\"https:\/\/www.facebook.com\/integrallocation\/\" \/>\n<meta property=\"article:modified_time\" content=\"2024-09-02T14:27:02+00:00\" \/>\n<meta name=\"twitter:card\" content=\"summary_large_image\" \/>\n<meta name=\"twitter:label1\" content=\"Est. reading time\" \/>\n\t<meta name=\"twitter:data1\" content=\"3 minutes\" \/>\n<script type=\"application\/ld+json\" class=\"yoast-schema-graph\">{\"@context\":\"https:\/\/schema.org\",\"@graph\":[{\"@type\":\"WebPage\",\"@id\":\"https:\/\/www.integral-location.ma\/en\/who-we-are\/\",\"url\":\"https:\/\/www.integral-location.ma\/en\/who-we-are\/\",\"name\":\"Who we are? - Integral Solution\",\"isPartOf\":{\"@id\":\"https:\/\/www.integral-location.ma\/#website\"},\"datePublished\":\"2024-07-18T12:15:27+00:00\",\"dateModified\":\"2024-09-02T14:27:02+00:00\",\"breadcrumb\":{\"@id\":\"https:\/\/www.integral-location.ma\/en\/who-we-are\/#breadcrumb\"},\"inLanguage\":\"en-US\",\"potentialAction\":[{\"@type\":\"ReadAction\",\"target\":[\"https:\/\/www.integral-location.ma\/en\/who-we-are\/\"]}]},{\"@type\":\"BreadcrumbList\",\"@id\":\"https:\/\/www.integral-location.ma\/en\/who-we-are\/#breadcrumb\",\"itemListElement\":[{\"@type\":\"ListItem\",\"position\":1,\"name\":\"Home\",\"item\":\"https:\/\/www.integral-location.ma\/\"},{\"@type\":\"ListItem\",\"position\":2,\"name\":\"Who we are?\"}]},{\"@type\":\"WebSite\",\"@id\":\"https:\/\/www.integral-location.ma\/#website\",\"url\":\"https:\/\/www.integral-location.ma\/\",\"name\":\"Integral Solution\",\"description\":\"Sp\u00e9cialiste en location de mobilier &amp; de mat\u00e9riel \u00e9v\u00e9nementiel\",\"publisher\":{\"@id\":\"https:\/\/www.integral-location.ma\/#organization\"},\"potentialAction\":[{\"@type\":\"SearchAction\",\"target\":{\"@type\":\"EntryPoint\",\"urlTemplate\":\"https:\/\/www.integral-location.ma\/?s={search_term_string}\"},\"query-input\":{\"@type\":\"PropertyValueSpecification\",\"valueRequired\":true,\"valueName\":\"search_term_string\"}}],\"inLanguage\":\"en-US\"},{\"@type\":\"Organization\",\"@id\":\"https:\/\/www.integral-location.ma\/#organization\",\"name\":\"Integral Location\",\"url\":\"https:\/\/www.integral-location.ma\/\",\"logo\":{\"@type\":\"ImageObject\",\"inLanguage\":\"en-US\",\"@id\":\"https:\/\/www.integral-location.ma\/#\/schema\/logo\/image\/\",\"url\":\"https:\/\/www.integral-location.ma\/app\/uploads\/2020\/12\/logo_863d518a.svg\",\"contentUrl\":\"https:\/\/www.integral-location.ma\/app\/uploads\/2020\/12\/logo_863d518a.svg\",\"width\":170,\"height\":52,\"caption\":\"Integral Location\"},\"image\":{\"@id\":\"https:\/\/www.integral-location.ma\/#\/schema\/logo\/image\/\"},\"sameAs\":[\"https:\/\/www.facebook.com\/integrallocation\/\",\"https:\/\/www.instagram.com\/integral.solution\/\"]}]}<\/script>\n<!-- \/ Yoast SEO plugin. -->","yoast_head_json":{"title":"Who we are? - Integral Solution","robots":{"index":"index","follow":"follow","max-snippet":"max-snippet:-1","max-image-preview":"max-image-preview:large","max-video-preview":"max-video-preview:-1"},"canonical":"https:\/\/www.integral-location.ma\/en\/who-we-are\/","og_locale":"en_US","og_type":"article","og_title":"Who we are? - Integral Solution","og_description":"Integral Solution offers a wide range of services grouped into four categories: Furniture Rental, Accessories &amp; Decoration, Media &amp; Screens (Video\/Sound\/Light), Marquees, Tents, Stands, Temporary Containers, Mobile Displays. With exceptional references, our catalog integrates a dynamic with design products to meet current trends. Our product lines reflect a very high demand for quality and service. &hellip; Continued","og_url":"https:\/\/www.integral-location.ma\/en\/who-we-are\/","og_site_name":"Integral Solution","article_publisher":"https:\/\/www.facebook.com\/integrallocation\/","article_modified_time":"2024-09-02T14:27:02+00:00","twitter_card":"summary_large_image","twitter_misc":{"Est. reading time":"3 minutes"},"schema":{"@context":"https:\/\/schema.org","@graph":[{"@type":"WebPage","@id":"https:\/\/www.integral-location.ma\/en\/who-we-are\/","url":"https:\/\/www.integral-location.ma\/en\/who-we-are\/","name":"Who we are? - Integral Solution","isPartOf":{"@id":"https:\/\/www.integral-location.ma\/#website"},"datePublished":"2024-07-18T12:15:27+00:00","dateModified":"2024-09-02T14:27:02+00:00","breadcrumb":{"@id":"https:\/\/www.integral-location.ma\/en\/who-we-are\/#breadcrumb"},"inLanguage":"en-US","potentialAction":[{"@type":"ReadAction","target":["https:\/\/www.integral-location.ma\/en\/who-we-are\/"]}]},{"@type":"BreadcrumbList","@id":"https:\/\/www.integral-location.ma\/en\/who-we-are\/#breadcrumb","itemListElement":[{"@type":"ListItem","position":1,"name":"Home","item":"https:\/\/www.integral-location.ma\/"},{"@type":"ListItem","position":2,"name":"Who we are?"}]},{"@type":"WebSite","@id":"https:\/\/www.integral-location.ma\/#website","url":"https:\/\/www.integral-location.ma\/","name":"Integral Solution","description":"Sp\u00e9cialiste en location de mobilier &amp; de mat\u00e9riel \u00e9v\u00e9nementiel","publisher":{"@id":"https:\/\/www.integral-location.ma\/#organization"},"potentialAction":[{"@type":"SearchAction","target":{"@type":"EntryPoint","urlTemplate":"https:\/\/www.integral-location.ma\/?s={search_term_string}"},"query-input":{"@type":"PropertyValueSpecification","valueRequired":true,"valueName":"search_term_string"}}],"inLanguage":"en-US"},{"@type":"Organization","@id":"https:\/\/www.integral-location.ma\/#organization","name":"Integral Location","url":"https:\/\/www.integral-location.ma\/","logo":{"@type":"ImageObject","inLanguage":"en-US","@id":"https:\/\/www.integral-location.ma\/#\/schema\/logo\/image\/","url":"https:\/\/www.integral-location.ma\/app\/uploads\/2020\/12\/logo_863d518a.svg","contentUrl":"https:\/\/www.integral-location.ma\/app\/uploads\/2020\/12\/logo_863d518a.svg","width":170,"height":52,"caption":"Integral Location"},"image":{"@id":"https:\/\/www.integral-location.ma\/#\/schema\/logo\/image\/"},"sameAs":["https:\/\/www.facebook.com\/integrallocation\/","https:\/\/www.instagram.com\/integral.solution\/"]}]}},"_links":{"self":[{"href":"https:\/\/www.integral-location.ma\/en\/wp-json\/wp\/v2\/pages\/14045","targetHints":{"allow":["GET"]}}],"collection":[{"href":"https:\/\/www.integral-location.ma\/en\/wp-json\/wp\/v2\/pages"}],"about":[{"href":"https:\/\/www.integral-location.ma\/en\/wp-json\/wp\/v2\/types\/page"}],"author":[{"embeddable":true,"href":"https:\/\/www.integral-location.ma\/en\/wp-json\/wp\/v2\/users\/2"}],"replies":[{"embeddable":true,"href":"https:\/\/www.integral-location.ma\/en\/wp-json\/wp\/v2\/comments?post=14045"}],"version-history":[{"count":3,"href":"https:\/\/www.integral-location.ma\/en\/wp-json\/wp\/v2\/pages\/14045\/revisions"}],"predecessor-version":[{"id":14566,"href":"https:\/\/www.integral-location.ma\/en\/wp-json\/wp\/v2\/pages\/14045\/revisions\/14566"}],"wp:attachment":[{"href":"https:\/\/www.integral-location.ma\/en\/wp-json\/wp\/v2\/media?parent=14045"}],"curies":[{"name":"wp","href":"https:\/\/api.w.org\/{rel}","templated":true}]}}